{"id":77,"date":"2020-12-10T11:45:31","date_gmt":"2020-12-10T09:45:31","guid":{"rendered":"http:\/\/uusi.umtt.fi\/?page_id=77"},"modified":"2024-09-25T10:38:21","modified_gmt":"2024-09-25T08:38:21","slug":"yhteydenottolomake","status":"publish","type":"page","link":"https:\/\/uudenmaantyoterveys.fi\/sv\/yhteydenottolomake\/","title":{"rendered":"Palaute"},"content":{"rendered":"<div  data-label=\"Contact\" data-id=\"contact--1\" data-export-id=\"contact-1\" data-category=\"contact\" class=\"contact-1 content-section content-section-spacing section-title-col-dark-text\" data-parallax-depth=\"20\" id=\"contact-1\" style=\"background-color: rgb(255, 255, 255); background-size: cover; background-position: center top; background-image: none;\" data-section-ov=\"1\"><div  class=\"gridContainer\"> <div  class=\"row text-center\"><div  class=\"section-title-col\" data-type=\"column\"> <h2  class=\"\">Yhteydenottolomake<\/h2> <\/div> <\/div> <div  class=\"row text-center\"> <div  class=\"col-xs-12 col-sm-8 col-sm-offset-2 contact-form-wrapper inline-info\"> <div  class=\"card large-padding\"> <div  class=\"\" data-content-shortcode=\"mesmerize_contact_form shortcode=&quot;wpforms id=&amp;amp;quot;773&amp;amp;quot;&quot;\" data-editable=\"true\"><div class=\"wpforms-container wpforms-container-full\" id=\"wpforms-773\"><form id=\"wpforms-form-773\" class=\"wpforms-validate wpforms-form\" data-formid=\"773\" method=\"post\" enctype=\"multipart\/form-data\" action=\"\/sv\/wp-json\/wp\/v2\/pages\/77\" data-token=\"0be6c53e4728bd20c917d850fc3a6ed1\" data-token-time=\"1776612162\" data-trp-original-action=\"\/sv\/wp-json\/wp\/v2\/pages\/77\"><noscript class=\"wpforms-error-noscript\">Aktivera JavaScript i din webbl\u00e4sare f\u00f6r att fylla i formul\u00e4ret.<\/noscript><div class=\"wpforms-field-container\"><div id=\"wpforms-773-field_0-container\" class=\"wpforms-field wpforms-field-name\" data-field-id=\"0\"><label class=\"wpforms-field-label\" for=\"wpforms-773-field_0\">Nimi <span class=\"wpforms-required-label\">*<\/span><\/label><input type=\"text\" id=\"wpforms-773-field_0\" class=\"wpforms-field-medium wpforms-field-required\" name=\"wpforms[fields][0]\" required><\/div><div id=\"wpforms-773-field_3-container\" class=\"wpforms-field wpforms-field-text\" data-field-id=\"3\"><label class=\"wpforms-field-label\" for=\"wpforms-773-field_3\">Puhelinnumero <span class=\"wpforms-required-label\">*<\/span><\/label><input type=\"text\" id=\"wpforms-773-field_3\" class=\"wpforms-field-medium wpforms-field-required\" name=\"wpforms[fields][3]\" required><\/div><div id=\"wpforms-773-field_1-container\" class=\"wpforms-field wpforms-field-email\" data-field-id=\"1\"><label class=\"wpforms-field-label\" for=\"wpforms-773-field_1\">S\u00e4hk\u00f6posti <span class=\"wpforms-required-label\">*<\/span><\/label><input type=\"email\" id=\"wpforms-773-field_1\" class=\"wpforms-field-medium wpforms-field-required\" name=\"wpforms[fields][1]\" spellcheck=\"false\" required><\/div><div id=\"wpforms-773-field_2-container\" class=\"wpforms-field wpforms-field-textarea\" data-field-id=\"2\"><label class=\"wpforms-field-label\" for=\"wpforms-773-field_2\">L\u00e4het\u00e4 meille t\u00e4ll\u00e4 lomakkeella yleist\u00e4 palautetta toiminnastamme. Mik\u00e4li haluat antaa palautetta liittyen hoitotilanteisiin, tai sinulla on kysytt\u00e4v\u00e4\u00e4 potilastiedoistasi, ota meihin yhteytt\u00e4 POLKU-palvelussa tai henkil\u00f6kohtaisesti k\u00e4ym\u00e4ll\u00e4 toimipisteess\u00e4mme. Huomioithan ett\u00e4 potilastietojen k\u00e4sittely vaatii henkil\u00f6llisyyden vahvan tunnistamisen, joten t\u00e4ll\u00e4 lomakkeella tulleita kyselyit\u00e4 emme k\u00e4sittele.<\/label><textarea id=\"wpforms-773-field_2\" class=\"wpforms-field-medium\" name=\"wpforms[fields][2]\" ><\/textarea><\/div><div id=\"wpforms-773-field_6-container\" class=\"wpforms-field wpforms-field-radio\" data-field-id=\"6\"><label class=\"wpforms-field-label\">Yhteydenotto <span class=\"wpforms-required-label\">*<\/span><\/label><ul id=\"wpforms-773-field_6\" class=\"wpforms-field-required\"><li class=\"choice-1 depth-1 wpforms-selected\"><input type=\"radio\" id=\"wpforms-773-field_6_1\" name=\"wpforms[fields][6]\" value=\"En tarvitse yhteydenottoa, mutta palautettani voidaan k\u00e4ytt\u00e4\u00e4 toiminnan kehitt\u00e4miseen\" required checked='checked'><label class=\"wpforms-field-label-inline\" for=\"wpforms-773-field_6_1\">En tarvitse yhteydenottoa, mutta palautettani voidaan k\u00e4ytt\u00e4\u00e4 toiminnan kehitt\u00e4miseen<\/label><\/li><li class=\"choice-2 depth-1\"><input type=\"radio\" id=\"wpforms-773-field_6_2\" name=\"wpforms[fields][6]\" value=\"Haluan, ett\u00e4 minuun otetaan yhteytt\u00e4 palautteeseen liittyen\" required><label class=\"wpforms-field-label-inline\" for=\"wpforms-773-field_6_2\">Haluan, ett\u00e4 minuun otetaan yhteytt\u00e4 palautteeseen liittyen<\/label><\/li><\/ul><\/div><\/div><!-- .wpforms-field-container --><div class=\"wpforms-field wpforms-field-hp\"><label for=\"wpforms-773-field-hp\" class=\"wpforms-field-label\">Name<\/label><input type=\"text\" name=\"wpforms[hp]\" id=\"wpforms-773-field-hp\" class=\"wpforms-field-medium\"><\/div><div class=\"wpforms-recaptcha-container wpforms-is-recaptcha wpforms-is-recaptcha-type-v2\" ><div class=\"g-recaptcha\" data-sitekey=\"6LcrNSgbAAAAAMGTgF1Ly35ni8FNGD3574A8KsrE\"><\/div><input type=\"text\" name=\"g-recaptcha-hidden\" class=\"wpforms-recaptcha-hidden\" style=\"position:absolute!important;clip:rect(0,0,0,0)!important;height:1px!important;width:1px!important;border:0!important;overflow:hidden!important;padding:0!important;margin:0!important;\" data-rule-recaptcha=\"1\"><\/div><div class=\"wpforms-submit-container\" ><input type=\"hidden\" name=\"wpforms[id]\" value=\"773\"><input type=\"hidden\" name=\"page_title\" value=\"\"><input type=\"hidden\" name=\"page_url\" value=\"https:\/\/uudenmaantyoterveys.fi\/sv\/wp-json\/wp\/v2\/pages\/77\"><input type=\"hidden\" name=\"url_referer\" value=\"\"><button type=\"submit\" name=\"wpforms[submit]\" id=\"wpforms-submit-773\" class=\"wpforms-submit button color1\" data-alt-text=\"L\u00e4hetet\u00e4\u00e4n...\" data-submit-text=\"L\u00e4het\u00e4\" aria-live=\"assertive\" value=\"wpforms-submit\">L\u00e4het\u00e4<\/button><\/div><input type=\"hidden\" name=\"trp-form-language\" value=\"sv\"\/><\/form><\/div>  <!-- .wpforms-container --><\/div><\/div> <\/div><\/div> <\/div><\/div>","protected":false},"excerpt":{"rendered":"<p>Yhteydenottolomake<\/p>","protected":false},"author":1,"featured_media":0,"parent":0,"menu_order":0,"comment_status":"closed","ping_status":"closed","template":"pro\/page-templates\/full-width-page.php","meta":{"slim_seo":{"title":"Palaute - Uudenmaan Ty&ouml;terveys Oy","description":"Yhteydenottolomake"},"footnotes":""},"class_list":["post-77","page","type-page","status-publish","hentry"],"_links":{"self":[{"href":"https:\/\/uudenmaantyoterveys.fi\/sv\/wp-json\/wp\/v2\/pages\/77","targetHints":{"allow":["GET"]}}],"collection":[{"href":"https:\/\/uudenmaantyoterveys.fi\/sv\/wp-json\/wp\/v2\/pages"}],"about":[{"href":"https:\/\/uudenmaantyoterveys.fi\/sv\/wp-json\/wp\/v2\/types\/page"}],"author":[{"embeddable":true,"href":"https:\/\/uudenmaantyoterveys.fi\/sv\/wp-json\/wp\/v2\/users\/1"}],"replies":[{"embeddable":true,"href":"https:\/\/uudenmaantyoterveys.fi\/sv\/wp-json\/wp\/v2\/comments?post=77"}],"version-history":[{"count":4,"href":"https:\/\/uudenmaantyoterveys.fi\/sv\/wp-json\/wp\/v2\/pages\/77\/revisions"}],"predecessor-version":[{"id":1446,"href":"https:\/\/uudenmaantyoterveys.fi\/sv\/wp-json\/wp\/v2\/pages\/77\/revisions\/1446"}],"wp:attachment":[{"href":"https:\/\/uudenmaantyoterveys.fi\/sv\/wp-json\/wp\/v2\/media?parent=77"}],"curies":[{"name":"wp","href":"https:\/\/api.w.org\/{rel}","templated":true}]}}