{"id":75,"date":"2020-12-10T11:45:12","date_gmt":"2020-12-10T09:45:12","guid":{"rendered":"http:\/\/uusi.umtt.fi\/?page_id=75"},"modified":"2025-11-05T13:22:46","modified_gmt":"2025-11-05T11:22:46","slug":"toimipaikat","status":"publish","type":"page","link":"https:\/\/uudenmaantyoterveys.fi\/sv\/toimipaikat\/","title":{"rendered":"Toimipaikat ja yhteystiedot"},"content":{"rendered":"<div  data-label=\"Contact\" data-id=\"contact--6\" data-export-id=\"contact-7\" data-category=\"contact\" class=\"contact-7 content-section content-section-spacing white-text\" data-parallax-depth=\"20\" id=\"contact-6\" style=\"background-color: rgb(255, 255, 255); background-size: cover; background-position: center top; background-image: none;\" data-section-ov=\"1\"><div  class=\"gridContainer\"> <div  class=\"row text-center\"><div  class=\"col-xs-12\"> <div  class=\"card no-padding\"><div  class=\"row\"> <div  class=\"col-xs-12 col-sm-6 contact-form-wrapper inline-info shadow-medium\"><h2  class=\"text-center font-300 color-black\">Nurmij\u00e4rvi: <a  data-mce-href=\"..\/nurmijarvi\" href=\"https:\/\/uudenmaantyoterveys.fi\/sv\/nurmijarvi\/\" target=\"_self\" data-mce-selected=\"inline-boundary\" data-cp-link=\"1\" rel=\"noopener\">Keskustie 5, 01900 Nurmij\u00e4rvi<\/a>\n<br >Tuusula: \n<a  data-mce-href=\"..\/tuusula\" href=\"https:\/\/uudenmaantyoterveys.fi\/sv\/tuusula\/\" target=\"_self\" data-mce-selected=\"inline-boundary\" data-cp-link=\"1\" rel=\"noopener\">Kotorannankuja 10, 04310 Tuusula<\/a><br >Klaukkala: \n<a  data-mce-href=\"..\/klaukkala\" href=\"https:\/\/uudenmaantyoterveys.fi\/sv\/klaukkala\/\" target=\"_self\" data-mce-selected=\"inline-boundary\" data-cp-link=\"1\" rel=\"noopener\">Vaskom\u00e4entie 2, 01800 Klaukkala<\/a><br >J\u00e4rvenp\u00e4\u00e4: \n<a  data-mce-href=\"..\/jarvenpaa\" href=\"https:\/\/uudenmaantyoterveys.fi\/sv\/jarvenpaa\/\" target=\"_self\" data-mce-selected=\"inline-boundary\" data-cp-link=\"1\" rel=\"noopener\">Sibeliuksenkatu 14, 04400 J\u00e4rvenp\u00e4\u00e4<\/a><br >M\u00e4nts\u00e4l\u00e4: \n<a  data-mce-href=\"..\/mantsala\" href=\"https:\/\/uudenmaantyoterveys.fi\/sv\/mantsala\/\" target=\"_self\" data-mce-selected=\"inline-boundary\" data-cp-link=\"1\" rel=\"noopener\">Mustam\u00e4entie 42, 04600 M\u00e4nts\u00e4l\u00e4<\/a><br >Hyvink\u00e4\u00e4: <a  data-mce-href=\"..\/hyvinkaa\" href=\"https:\/\/uudenmaantyoterveys.fi\/sv\/hyvinkaa\/\" target=\"_self\" data-mce-selected=\"inline-boundary\" data-cp-link=\"1\" rel=\"noopener\">S\u00e4hk\u00f6katu 28, 05800 Hyvink\u00e4\u00e4<\/a><br >Karkkila: \n<a  data-mce-href=\"..\/karkkila\" href=\"https:\/\/uudenmaantyoterveys.fi\/sv\/karkkila\/\" target=\"_self\" data-mce-selected=\"inline-boundary\" data-cp-link=\"1\" rel=\"noopener\">Valtatie 26 E, 03600 Karkkila<\/a><br >Lohja: \n<a  data-mce-href=\"..\/lohja\" href=\"https:\/\/uudenmaantyoterveys.fi\/sv\/lohja\/\" target=\"_self\" data-mce-selected=\"inline-boundary\" data-cp-link=\"1\" rel=\"noopener\">Liessaarenkatu 3 E, 08100 Lohja<\/a><br >Vihti: <a  data-mce-href=\"..\/nummela\" href=\"https:\/\/uudenmaantyoterveys.fi\/sv\/nummela\/\" target=\"_self\" data-mce-selected=\"inline-boundary\" data-cp-link=\"1\" rel=\"noopener\">Ridalintie 3, 03100 Nummela<\/a>\n<br >Helsinki: <a  data-mce-href=\"..\/helsinki\/\" href=\"https:\/\/uudenmaantyoterveys.fi\/sv\/helsinki\/\" target=\"_self\" data-mce-selected=\"inline-boundary\" data-cp-link=\"1\" rel=\"noopener\">Tenholantie 10 B, 00280 Helsinki<\/a>\n<br >Porvoo: <a  href=\"https:\/\/uudenmaantyoterveys.fi\/sv\/porvoo\/\" target=\"_self\" data-mce-href=\"..\/porvoo\" data-cp-link=\"1\" rel=\"noopener\">Tekniikankaari 1 A, 06100 Porvoo<\/a>\n<br >Sipoo: <a  data-mce-href=\"..\/sipoo\" href=\"https:\/\/uudenmaantyoterveys.fi\/sv\/sipoo\/\" target=\"_self\" data-mce-selected=\"inline-boundary\" data-cp-link=\"1\" rel=\"noopener\">S\u00f6derkullan tori 3, 01150 S\u00f6derkulla<\/a><\/h2> <div  class=\"\" data-content-shortcode=\"mesmerize_contact_form\" data-editable=\"true\"><p style=\"text-align:center;color:#ababab\">Contact form will be displayed here. To activate it you have to set the \"contact form shortcode\" parameter in Customizer.<\/p><\/div><\/div> <div  class=\"col-xs-12 col-sm-6 map-col\"><div  data-content-shortcode=\"mesmerize_maps address=&quot;Keskustie 5, Nurmijarvi, Suomi&quot; zoom=&quot;80&quot;\" data-editable=\"true\" class=\"map-wrapper\"><iframe class=\"mesmerize-google-maps mesmerize-frame-map\" src=\"https:\/\/maps.google.com\/maps?q=Keskustie 5, Nurmijarvi, Suomi&amp;z=17&amp;t=m&amp;output=embed&amp;iwloc=near\"><\/iframe><\/div><\/div> <\/div><\/div> <\/div><\/div> <\/div><\/div><div  data-label=\"Features\" data-id=\"features--1\" data-export-id=\"features-12\" data-category=\"features\" class=\"features-12 content-section content-section-spacing\" id=\"features-1\" style=\"background-color: rgb(255, 255, 255); background-image: none;\"><div  class=\"gridContainer\"> <div  class=\"row text-center\"><div  class=\"section-title-col\" data-type=\"column\">  <\/div> <\/div> <div  class=\"row spaced-cols\" data-type=\"row\"> <div  class=\"col-sm-6\"> <div  class=\"row space-bottom\"> <div  class=\"col-sm-fit icon-column\" data-preview-empty=\"1\">  <\/div> <div  class=\"col-sm\" data-type=\"column\">  <\/div> <\/div><\/div>    <\/div><\/div> <\/div>","protected":false},"excerpt":{"rendered":"<p>Nurmij\u00e4rvi: Keskustie 5, 01900 Nurmij\u00e4rvi Tuusula: Kotorannankuja 10, 04310 Tuusula\ufeffKlaukkala: Vaskom\u00e4entie 2, 01800 KlaukkalaJ\u00e4rvenp\u00e4\u00e4: Sibeliuksenkatu 14, 04400 J\u00e4rvenp\u00e4\u00e4M\u00e4nts\u00e4l\u00e4: Mustam\u00e4entie 42, 04600 M\u00e4nts\u00e4l\u00e4Hyvink\u00e4\u00e4: S\u00e4hk\u00f6katu 28, 05800 Hyvink\u00e4\u00e4Karkkila: Valtatie 26 E, 03600 KarkkilaLohja: Liessaarenkatu 3 E, 08100 LohjaVihti: Ridalintie 3, 03100 Nummela\ufeff Helsinki: Tenholantie 10 B, 00280 Helsinki Porvoo: Tekniikankaari 1 A, 06100 Porvoo Sipoo: S\u00f6derkullan tori&hellip; <br \/> <a class=\"read-more\" href=\"https:\/\/uudenmaantyoterveys.fi\/sv\/toimipaikat\/\">Read more<\/a><\/p>","protected":false},"author":1,"featured_media":0,"parent":0,"menu_order":0,"comment_status":"closed","ping_status":"closed","template":"pro\/page-templates\/full-width-page.php","meta":{"slim_seo":{"title":"Toimipaikat ja yhteystiedot - Uudenmaan Ty&ouml;terveys Oy","description":"Nurmij\u00e4rvi: Keskustie 5, 01900 Nurmij\u00e4rvi Tuusula: Kotorannankuja 10, 04310 Tuusula\ufeff Klaukkala: Vaskom\u00e4entie 2, 01800 Klaukkala J\u00e4rvenp\u00e4\u00e4: Sibeliuksenkatu 14, 0"},"footnotes":""},"class_list":["post-75","page","type-page","status-publish","hentry"],"_links":{"self":[{"href":"https:\/\/uudenmaantyoterveys.fi\/sv\/wp-json\/wp\/v2\/pages\/75","targetHints":{"allow":["GET"]}}],"collection":[{"href":"https:\/\/uudenmaantyoterveys.fi\/sv\/wp-json\/wp\/v2\/pages"}],"about":[{"href":"https:\/\/uudenmaantyoterveys.fi\/sv\/wp-json\/wp\/v2\/types\/page"}],"author":[{"embeddable":true,"href":"https:\/\/uudenmaantyoterveys.fi\/sv\/wp-json\/wp\/v2\/users\/1"}],"replies":[{"embeddable":true,"href":"https:\/\/uudenmaantyoterveys.fi\/sv\/wp-json\/wp\/v2\/comments?post=75"}],"version-history":[{"count":40,"href":"https:\/\/uudenmaantyoterveys.fi\/sv\/wp-json\/wp\/v2\/pages\/75\/revisions"}],"predecessor-version":[{"id":2507,"href":"https:\/\/uudenmaantyoterveys.fi\/sv\/wp-json\/wp\/v2\/pages\/75\/revisions\/2507"}],"wp:attachment":[{"href":"https:\/\/uudenmaantyoterveys.fi\/sv\/wp-json\/wp\/v2\/media?parent=75"}],"curies":[{"name":"wp","href":"https:\/\/api.w.org\/{rel}","templated":true}]}}