{"id":712,"date":"2021-06-10T12:02:33","date_gmt":"2021-06-10T10:02:33","guid":{"rendered":"http:\/\/uusi.umtt.fi\/?page_id=712"},"modified":"2024-09-25T10:38:21","modified_gmt":"2024-09-25T08:38:21","slug":"nummela","status":"publish","type":"page","link":"https:\/\/uudenmaantyoterveys.fi\/sv\/nummela\/","title":{"rendered":"Nummela"},"content":{"rendered":"<div  data-label=\"Content\" data-id=\"content--1\" data-export-id=\"content-12\" data-category=\"content\" class=\"content-12 content-section content-section-spacing\" id=\"content-1\" style=\"background-color: rgb(255, 255, 255);\"><div  class=\"gridContainer\"> <div  class=\"row text-center\"><div  class=\"section-title-col\" data-type=\"column\"> <h2  class=\"\">NUMMELA: Ridalintie 3, 03100 Nummela<\/h2> <p  class=\"lead\"><a data-mce-href=\"https:\/\/maps.app.goo.gl\/AH3TExrWC5CJLpEy7\" href=\"https:\/\/maps.app.goo.gl\/AH3TExrWC5CJLpEy7\" target=\"_self\" data-mce-selected=\"inline-boundary\" data-cp-link=\"1\" class=\"\" rel=\"noopener\">N\u00e4yt\u00e4 sijainti kartalla<\/a><\/p><\/div> <\/div> <div  class=\"row center-xs middle-xs\"> <div  class=\"col-sm-9\" data-type=\"column\"> <img  decoding=\"async\" class=\"shadow-large\" src=\"https:\/\/uudenmaantyoterveys.fi\/wp-content\/uploads\/2024\/05\/cropped-tth-uusi1-scaled-1.jpg\" title=\"tth-uusi1\" alt=\"\"><p  class=\"lead\" style=\"text-align: left;\">Parkkipaikat: Talon edess\u00e4 vieras paikkoja.<br ><br >\nHenkil\u00f6st\u00f6:<br >Ty\u00f6terveyshoitajien s\u00e4hk\u00f6postiosoitteet ovat muotoa etunimi.sukunimi@umtt.fi<br >\nL\u00e4het\u00e4 viesti omalle ty\u00f6terveyshoitajalle Polku-palvelun kautta klikkaamalla h\u00e4nen nime\u00e4\u00e4n.\n<br ><br ><a data-mce-href=\"https:\/\/umtt.movendosplatform.com\/\" href=\"https:\/\/umtt.movendosplatform.com\" target=\"_self\" data-mce-selected=\"inline-boundary\" data-cp-link=\"1\" rel=\"noopener\" class=\"\">Ty\u00f6terveyshoitaja&nbsp; Ida Lappalainen<\/a>\n<a data-mce-href=\"https:\/\/umtt.movendosplatform.com\/\" href=\"https:\/\/umtt.movendosplatform.com\" target=\"_self\" data-mce-selected=\"inline-boundary\" data-cp-link=\"1\" rel=\"noopener\" class=\"\"><\/a><br >\n<a data-mce-href=\"https:\/\/umtt.movendosplatform.com\/\" href=\"https:\/\/umtt.movendosplatform.com\" target=\"_self\" data-mce-selected=\"inline-boundary\" data-cp-link=\"1\" rel=\"noopener\" class=\"\">Ty\u00f6terveyshoitaja Tuula Salmi<br >Ty\u00f6terveyshoitaja Heini Lehikoinen<\/a><br >\n\nTy\u00f6terveyspsykologi Katri Teinil\u00e4\n<br >Ty\u00f6terveyspsykologi: Outi Ukonmaanaho-Leinonen<br >Ty\u00f6fysioterapeutti: Anni Hujala<br >\nVastaanottohoitaja Heidi Heiskanen<\/p><\/div> <\/div><\/div> <\/div>","protected":false},"excerpt":{"rendered":"<p>NUMMELA: Ridalintie 3, 03100 Nummela N\u00e4yt\u00e4 sijainti kartalla Parkkipaikat: Talon edess\u00e4 vieras paikkoja. Henkil\u00f6st\u00f6:Ty\u00f6terveyshoitajien s\u00e4hk\u00f6postiosoitteet ovat muotoa etunimi.sukunimi@umtt.fi L\u00e4het\u00e4 viesti omalle ty\u00f6terveyshoitajalle Polku-palvelun kautta klikkaamalla h\u00e4nen nime\u00e4\u00e4n. Ty\u00f6terveyshoitaja&nbsp; Ida Lappalainen Ty\u00f6terveyshoitaja Tuula SalmiTy\u00f6terveyshoitaja Heini Lehikoinen Ty\u00f6terveyspsykologi Katri Teinil\u00e4 Ty\u00f6terveyspsykologi: Outi Ukonmaanaho-LeinonenTy\u00f6fysioterapeutti: Anni Hujala Vastaanottohoitaja Heidi Heiskanen<\/p>","protected":false},"author":1,"featured_media":0,"parent":0,"menu_order":0,"comment_status":"closed","ping_status":"closed","template":"pro\/page-templates\/full-width-page.php","meta":{"slim_seo":{"title":"Nummela - Uudenmaan Ty&ouml;terveys Oy","description":"NUMMELA: Ridalintie 3, 03100 Nummela N\u00e4yt\u00e4 sijainti kartalla Parkkipaikat: Talon edess\u00e4 vieras paikkoja. Henkil\u00f6st\u00f6: Ty\u00f6terveyshoitajien s\u00e4hk\u00f6postiosoitteet ova"},"footnotes":""},"class_list":["post-712","page","type-page","status-publish","hentry"],"_links":{"self":[{"href":"https:\/\/uudenmaantyoterveys.fi\/sv\/wp-json\/wp\/v2\/pages\/712","targetHints":{"allow":["GET"]}}],"collection":[{"href":"https:\/\/uudenmaantyoterveys.fi\/sv\/wp-json\/wp\/v2\/pages"}],"about":[{"href":"https:\/\/uudenmaantyoterveys.fi\/sv\/wp-json\/wp\/v2\/types\/page"}],"author":[{"embeddable":true,"href":"https:\/\/uudenmaantyoterveys.fi\/sv\/wp-json\/wp\/v2\/users\/1"}],"replies":[{"embeddable":true,"href":"https:\/\/uudenmaantyoterveys.fi\/sv\/wp-json\/wp\/v2\/comments?post=712"}],"version-history":[{"count":19,"href":"https:\/\/uudenmaantyoterveys.fi\/sv\/wp-json\/wp\/v2\/pages\/712\/revisions"}],"predecessor-version":[{"id":1992,"href":"https:\/\/uudenmaantyoterveys.fi\/sv\/wp-json\/wp\/v2\/pages\/712\/revisions\/1992"}],"wp:attachment":[{"href":"https:\/\/uudenmaantyoterveys.fi\/sv\/wp-json\/wp\/v2\/media?parent=712"}],"curies":[{"name":"wp","href":"https:\/\/api.w.org\/{rel}","templated":true}]}}