{"id":680,"date":"2021-06-10T09:29:48","date_gmt":"2021-06-10T07:29:48","guid":{"rendered":"http:\/\/uusi.umtt.fi\/?page_id=680"},"modified":"2024-09-25T10:38:21","modified_gmt":"2024-09-25T08:38:21","slug":"mantsala","status":"publish","type":"page","link":"https:\/\/uudenmaantyoterveys.fi\/sv\/mantsala\/","title":{"rendered":"M\u00e4nts\u00e4l\u00e4"},"content":{"rendered":"<div  data-label=\"Content\" data-id=\"content--1\" data-export-id=\"content-12\" data-category=\"content\" class=\"content-12 content-section content-section-spacing\" id=\"content-1\" style=\"background-color: rgb(255, 255, 255);\"><div  class=\"gridContainer\"> <div  class=\"row text-center\"><div  class=\"section-title-col\" data-type=\"column\"> <h2  class=\"\">M\u00c4NTS\u00c4L\u00c4: Mustam\u00e4entie 42, 04600 M\u00e4nts\u00e4l\u00e4<\/h2> <p  class=\"lead\"><a data-mce-href=\"https:\/\/goo.gl\/maps\/nFPWz13Ur1hxemDs8\" href=\"https:\/\/goo.gl\/maps\/nFPWz13Ur1hxemDs8\" target=\"_self\" data-mce-selected=\"inline-boundary\" data-cp-link=\"1\" class=\"\" rel=\"noopener\">N\u00e4yt\u00e4 sijainti kartalla<\/a><\/p><\/div> <\/div> <div  class=\"row center-xs middle-xs\"> <div  class=\"col-sm-9\" data-type=\"column\"> <img  decoding=\"async\" class=\"shadow-large\" src=\"https:\/\/uudenmaantyoterveys.fi\/wp-content\/uploads\/2021\/06\/Mantsala_toimisto1-scaled.jpg\" title=\"M\u00e4nts\u00e4l\u00e4_toimisto1\" alt=\"\"><p  class=\"lead\" style=\"text-align: left;\">Kulku toimipaikkaan: Rakennuksen katolla lukee Carrier. Toimipaikkamme sijaitsee 1. kerroksessa, ulko-ovien j\u00e4lkeen oikealla.\n<br ><br >\nParkkipaikat: talon edess\u00e4 ilmaisia asiakaspaikkoja.\n<br ><br >\nHenkil\u00f6st\u00f6:<br >Ty\u00f6terveyshoitajien s\u00e4hk\u00f6postiosoitteet ovat muotoa etunimi.sukunimi@umtt.fi<br >\nL\u00e4het\u00e4 viesti omalle ty\u00f6terveyshoitajalle Polku-palvelun kautta klikkaamalla h\u00e4nen nime\u00e4\u00e4n.\n<br ><a data-mce-href=\"https:\/\/umtt.movendosplatform.com\/\" href=\"https:\/\/umtt.movendosplatform.com\" target=\"_self\" data-mce-selected=\"inline-boundary\" data-cp-link=\"1\" rel=\"noopener\" class=\"\"><br >Ty\u00f6terveyshoitaja Jaana Pohjola\n<br >Ty\u00f6terveyshoitaja Maria Halmela<\/a><br >\nTy\u00f6terveyspsykologi Kaisa Mannermaa<br >\nTy\u00f6fysioterapeutti Helena Pahkaj\u00e4rvi<br >\nVastaanottohoitaja Pihla Korpi<\/p><\/div> <\/div><\/div> <\/div>","protected":false},"excerpt":{"rendered":"<p>M\u00c4NTS\u00c4L\u00c4: Mustam\u00e4entie 42, 04600 M\u00e4nts\u00e4l\u00e4 N\u00e4yt\u00e4 sijainti kartalla Kulku toimipaikkaan: Rakennuksen katolla lukee Carrier. Toimipaikkamme sijaitsee 1. kerroksessa, ulko-ovien j\u00e4lkeen oikealla. Parkkipaikat: talon edess\u00e4 ilmaisia asiakaspaikkoja. Henkil\u00f6st\u00f6:Ty\u00f6terveyshoitajien s\u00e4hk\u00f6postiosoitteet ovat muotoa etunimi.sukunimi@umtt.fi L\u00e4het\u00e4 viesti omalle ty\u00f6terveyshoitajalle Polku-palvelun kautta klikkaamalla h\u00e4nen nime\u00e4\u00e4n. Ty\u00f6terveyshoitaja Jaana Pohjola Ty\u00f6terveyshoitaja Maria Halmela\ufeff Ty\u00f6terveyspsykologi Kaisa Mannermaa Ty\u00f6fysioterapeutti Helena Pahkaj\u00e4rvi Vastaanottohoitaja Pihla Korpi<\/p>","protected":false},"author":1,"featured_media":0,"parent":0,"menu_order":0,"comment_status":"closed","ping_status":"closed","template":"pro\/page-templates\/full-width-page.php","meta":{"slim_seo":{"title":"M\u00e4nts\u00e4l\u00e4 - Uudenmaan Ty&ouml;terveys Oy","description":"M\u00c4NTS\u00c4L\u00c4: Mustam\u00e4entie 42, 04600 M\u00e4nts\u00e4l\u00e4 N\u00e4yt\u00e4 sijainti kartalla Kulku toimipaikkaan: Rakennuksen katolla lukee Carrier. Toimipaikkamme sijaitsee 1. kerroksess"},"footnotes":""},"class_list":["post-680","page","type-page","status-publish","hentry"],"_links":{"self":[{"href":"https:\/\/uudenmaantyoterveys.fi\/sv\/wp-json\/wp\/v2\/pages\/680","targetHints":{"allow":["GET"]}}],"collection":[{"href":"https:\/\/uudenmaantyoterveys.fi\/sv\/wp-json\/wp\/v2\/pages"}],"about":[{"href":"https:\/\/uudenmaantyoterveys.fi\/sv\/wp-json\/wp\/v2\/types\/page"}],"author":[{"embeddable":true,"href":"https:\/\/uudenmaantyoterveys.fi\/sv\/wp-json\/wp\/v2\/users\/1"}],"replies":[{"embeddable":true,"href":"https:\/\/uudenmaantyoterveys.fi\/sv\/wp-json\/wp\/v2\/comments?post=680"}],"version-history":[{"count":19,"href":"https:\/\/uudenmaantyoterveys.fi\/sv\/wp-json\/wp\/v2\/pages\/680\/revisions"}],"predecessor-version":[{"id":2027,"href":"https:\/\/uudenmaantyoterveys.fi\/sv\/wp-json\/wp\/v2\/pages\/680\/revisions\/2027"}],"wp:attachment":[{"href":"https:\/\/uudenmaantyoterveys.fi\/sv\/wp-json\/wp\/v2\/media?parent=680"}],"curies":[{"name":"wp","href":"https:\/\/api.w.org\/{rel}","templated":true}]}}