{"id":65,"date":"2020-12-10T11:43:43","date_gmt":"2020-12-10T09:43:43","guid":{"rendered":"http:\/\/uusi.umtt.fi\/?page_id=65"},"modified":"2024-09-25T10:38:21","modified_gmt":"2024-09-25T08:38:21","slug":"pyyda-tarjous","status":"publish","type":"page","link":"https:\/\/uudenmaantyoterveys.fi\/sv\/pyyda-tarjous\/","title":{"rendered":"Beg\u00e4r offert"},"content":{"rendered":"<div  data-label=\"Contact\" data-id=\"contact--1\" data-export-id=\"contact-1\" data-category=\"contact\" class=\"contact-1 content-section content-section-spacing section-title-col-dark-text\" data-parallax-depth=\"20\" id=\"contact-1\" style=\"background-color: rgb(255, 255, 255); background-size: cover; background-position: center top; background-image: none;\" data-section-ov=\"1\"><div  class=\"gridContainer\"> <div  class=\"row text-center\"><div  class=\"section-title-col\" data-type=\"column\"> <h2  class=\"\">Beg\u00e4r offert<\/h2> <p  class=\"lead\">PYYD\u00c4 TARJOUS, OTAMME SINUUN YHTEYTT\u00c4 2-3 ARKIP\u00c4IV\u00c4N KULUESSA!<\/p><\/div> <\/div> <div  class=\"row text-center\"> <div  class=\"col-xs-12 col-sm-8 col-sm-offset-2 contact-form-wrapper inline-info\"> <div  class=\"card large-padding\"> <div  class=\"\" data-content-shortcode=\"mesmerize_contact_form shortcode=&quot;wpforms id=&amp;amp;quot;547&amp;amp;quot;&quot;\" data-editable=\"true\"><div class=\"wpforms-container wpforms-container-full\" id=\"wpforms-547\"><form id=\"wpforms-form-547\" class=\"wpforms-validate wpforms-form\" data-formid=\"547\" method=\"post\" enctype=\"multipart\/form-data\" action=\"\/sv\/wp-json\/wp\/v2\/pages\/65\" data-token=\"b10eab55f58334220051a2b066171d57\" data-token-time=\"1776759831\" data-trp-original-action=\"\/sv\/wp-json\/wp\/v2\/pages\/65\"><noscript class=\"wpforms-error-noscript\">Aktivera JavaScript i din webbl\u00e4sare f\u00f6r att fylla i formul\u00e4ret.<\/noscript><div class=\"wpforms-field-container\"><div id=\"wpforms-547-field_0-container\" class=\"wpforms-field wpforms-field-name\" data-field-id=\"0\"><label class=\"wpforms-field-label\" for=\"wpforms-547-field_0\">Yrityksen nimi <span class=\"wpforms-required-label\">*<\/span><\/label><input type=\"text\" id=\"wpforms-547-field_0\" class=\"wpforms-field-medium wpforms-field-required\" name=\"wpforms[fields][0]\" required><\/div><div id=\"wpforms-547-field_3-container\" class=\"wpforms-field wpforms-field-text\" data-field-id=\"3\"><label class=\"wpforms-field-label\" for=\"wpforms-547-field_3\">Y-tunnus<\/label><input type=\"text\" id=\"wpforms-547-field_3\" class=\"wpforms-field-small\" name=\"wpforms[fields][3]\" ><\/div><div id=\"wpforms-547-field_4-container\" class=\"wpforms-field wpforms-field-text\" data-field-id=\"4\"><label class=\"wpforms-field-label\" for=\"wpforms-547-field_4\">Yhteyshenkil\u00f6n nimi <span class=\"wpforms-required-label\">*<\/span><\/label><input type=\"text\" id=\"wpforms-547-field_4\" class=\"wpforms-field-medium wpforms-field-required\" name=\"wpforms[fields][4]\" required><\/div><div id=\"wpforms-547-field_5-container\" class=\"wpforms-field wpforms-field-text\" data-field-id=\"5\"><label class=\"wpforms-field-label\" for=\"wpforms-547-field_5\">Yhteyshenkil\u00f6n puhelinnumero <span class=\"wpforms-required-label\">*<\/span><\/label><input type=\"text\" id=\"wpforms-547-field_5\" class=\"wpforms-field-medium wpforms-field-required\" name=\"wpforms[fields][5]\" required><\/div><div id=\"wpforms-547-field_1-container\" class=\"wpforms-field wpforms-field-email\" data-field-id=\"1\"><label class=\"wpforms-field-label\" for=\"wpforms-547-field_1\">Yhteyshenkil\u00f6n s\u00e4hk\u00f6posti <span class=\"wpforms-required-label\">*<\/span><\/label><input type=\"email\" id=\"wpforms-547-field_1\" class=\"wpforms-field-medium wpforms-field-required\" name=\"wpforms[fields][1]\" spellcheck=\"false\" required><\/div><div id=\"wpforms-547-field_7-container\" class=\"wpforms-field wpforms-field-number\" data-field-id=\"7\"><label class=\"wpforms-field-label\" for=\"wpforms-547-field_7\">Henkil\u00f6st\u00f6m\u00e4\u00e4r\u00e4 <span class=\"wpforms-required-label\">*<\/span><\/label><input type=\"number\" id=\"wpforms-547-field_7\" class=\"wpforms-field-medium wpforms-field-required\" name=\"wpforms[fields][7]\" step=\"any\" required><\/div><div id=\"wpforms-547-field_6-container\" class=\"wpforms-field wpforms-field-text\" data-field-id=\"6\"><label class=\"wpforms-field-label\" for=\"wpforms-547-field_6\">Toimiala<\/label><input type=\"text\" id=\"wpforms-547-field_6\" class=\"wpforms-field-medium\" name=\"wpforms[fields][6]\" ><\/div><div id=\"wpforms-547-field_8-container\" class=\"wpforms-field wpforms-field-select wpforms-field-select-style-classic\" data-field-id=\"8\"><label class=\"wpforms-field-label\" for=\"wpforms-547-field_8\">Ensisijainen ty\u00f6terveyden toimipiste<\/label><select id=\"wpforms-547-field_8\" class=\"wpforms-field-medium\" name=\"wpforms[fields][8]\"><option value=\"\" class=\"placeholder\" disabled selected='selected'>Valitse t\u00e4st\u00e4<\/option><option value=\"Nurmij\u00e4rvi\"  class=\"choice-1 depth-1\"  >Nurmij\u00e4rvi<\/option><option value=\"Klaukkala\"  class=\"choice-2 depth-1\"  >Klaukkala<\/option><option value=\"Tuusula\"  class=\"choice-3 depth-1\"  >Tuusula<\/option><option value=\"J\u00e4rvenp\u00e4\u00e4\"  class=\"choice-4 depth-1\"  >J\u00e4rvenp\u00e4\u00e4<\/option><option value=\"M\u00e4nts\u00e4l\u00e4\"  class=\"choice-5 depth-1\"  >M\u00e4nts\u00e4l\u00e4<\/option><option value=\"Hyvink\u00e4\u00e4\"  class=\"choice-6 depth-1\"  >Hyvink\u00e4\u00e4<\/option><option value=\"Karkkila\"  class=\"choice-7 depth-1\"  >Karkkila<\/option><option value=\"Lohja\"  class=\"choice-8 depth-1\"  >Lohja<\/option><option value=\"Vihti\"  class=\"choice-9 depth-1\"  >Vihti<\/option><option value=\"Helsinki\"  class=\"choice-10 depth-1\"  >Helsinki<\/option><option value=\"Porvoo\"  class=\"choice-11 depth-1\"  >Porvoo<\/option><option value=\"Sipoo\"  class=\"choice-12 depth-1\"  >Sipoo<\/option><\/select><\/div><div id=\"wpforms-547-field_2-container\" class=\"wpforms-field wpforms-field-textarea\" data-field-id=\"2\"><label class=\"wpforms-field-label\" for=\"wpforms-547-field_2\">Lis\u00e4tietoja<\/label><textarea id=\"wpforms-547-field_2\" class=\"wpforms-field-medium\" name=\"wpforms[fields][2]\" ><\/textarea><\/div><\/div><!-- .wpforms-field-container --><div class=\"wpforms-field wpforms-field-hp\"><label for=\"wpforms-547-field-hp\" class=\"wpforms-field-label\">Website<\/label><input type=\"text\" name=\"wpforms[hp]\" id=\"wpforms-547-field-hp\" class=\"wpforms-field-medium\"><\/div><div class=\"wpforms-recaptcha-container wpforms-is-recaptcha wpforms-is-recaptcha-type-v2\" ><div class=\"g-recaptcha\" data-sitekey=\"6LcrNSgbAAAAAMGTgF1Ly35ni8FNGD3574A8KsrE\"><\/div><input type=\"text\" name=\"g-recaptcha-hidden\" class=\"wpforms-recaptcha-hidden\" style=\"position:absolute!important;clip:rect(0,0,0,0)!important;height:1px!important;width:1px!important;border:0!important;overflow:hidden!important;padding:0!important;margin:0!important;\" data-rule-recaptcha=\"1\"><\/div><div class=\"wpforms-submit-container\" ><input type=\"hidden\" name=\"wpforms[id]\" value=\"547\"><input type=\"hidden\" name=\"page_title\" value=\"\"><input type=\"hidden\" name=\"page_url\" value=\"https:\/\/uudenmaantyoterveys.fi\/sv\/wp-json\/wp\/v2\/pages\/65\"><input type=\"hidden\" name=\"url_referer\" value=\"\"><button type=\"submit\" name=\"wpforms[submit]\" id=\"wpforms-submit-547\" class=\"wpforms-submit button color1\" data-alt-text=\"L\u00e4hetet\u00e4\u00e4n...\" data-submit-text=\"L\u00e4het\u00e4\" aria-live=\"assertive\" value=\"wpforms-submit\">L\u00e4het\u00e4<\/button><\/div><input type=\"hidden\" name=\"trp-form-language\" value=\"sv\"\/><\/form><\/div>  <!-- .wpforms-container --><\/div><\/div> <\/div><\/div> <\/div><\/div>","protected":false},"excerpt":{"rendered":"<p>Pyyd\u00e4 tarjous PYYD\u00c4 TARJOUS, OTAMME SINUUN YHTEYTT\u00c4 2-3 ARKIP\u00c4IV\u00c4N KULUESSA!<\/p>","protected":false},"author":1,"featured_media":0,"parent":0,"menu_order":0,"comment_status":"closed","ping_status":"closed","template":"pro\/page-templates\/full-width-page.php","meta":{"slim_seo":{"title":"Pyyd\u00e4 tarjous - Uudenmaan Ty&ouml;terveys Oy","description":"Pyyd\u00e4 tarjous PYYD\u00c4 TARJOUS, OTAMME SINUUN YHTEYTT\u00c4 2-3 ARKIP\u00c4IV\u00c4N KULUESSA!"},"footnotes":""},"class_list":["post-65","page","type-page","status-publish","hentry"],"_links":{"self":[{"href":"https:\/\/uudenmaantyoterveys.fi\/sv\/wp-json\/wp\/v2\/pages\/65","targetHints":{"allow":["GET"]}}],"collection":[{"href":"https:\/\/uudenmaantyoterveys.fi\/sv\/wp-json\/wp\/v2\/pages"}],"about":[{"href":"https:\/\/uudenmaantyoterveys.fi\/sv\/wp-json\/wp\/v2\/types\/page"}],"author":[{"embeddable":true,"href":"https:\/\/uudenmaantyoterveys.fi\/sv\/wp-json\/wp\/v2\/users\/1"}],"replies":[{"embeddable":true,"href":"https:\/\/uudenmaantyoterveys.fi\/sv\/wp-json\/wp\/v2\/comments?post=65"}],"version-history":[{"count":5,"href":"https:\/\/uudenmaantyoterveys.fi\/sv\/wp-json\/wp\/v2\/pages\/65\/revisions"}],"predecessor-version":[{"id":559,"href":"https:\/\/uudenmaantyoterveys.fi\/sv\/wp-json\/wp\/v2\/pages\/65\/revisions\/559"}],"wp:attachment":[{"href":"https:\/\/uudenmaantyoterveys.fi\/sv\/wp-json\/wp\/v2\/media?parent=65"}],"curies":[{"name":"wp","href":"https:\/\/api.w.org\/{rel}","templated":true}]}}