{"id":593,"date":"2021-06-01T12:40:33","date_gmt":"2021-06-01T10:40:33","guid":{"rendered":"http:\/\/uusi.umtt.fi\/?page_id=593"},"modified":"2024-09-25T10:38:21","modified_gmt":"2024-09-25T08:38:21","slug":"nurmijarvi","status":"publish","type":"page","link":"https:\/\/uudenmaantyoterveys.fi\/sv\/nurmijarvi\/","title":{"rendered":"Nurmij\u00e4rvi"},"content":{"rendered":"<div  data-label=\"Content\" data-id=\"content--1\" data-export-id=\"content-12\" data-category=\"content\" class=\"content-12 content-section content-section-spacing\" id=\"content-1\" style=\"background-color: rgb(255, 255, 255);\"><div  class=\"gridContainer\"> <div  class=\"row text-center\"><div  class=\"section-title-col\" data-type=\"column\"> <h2  class=\"\">NURMIJ\u00c4RVI: Keskustie 5, 01900 Nurmij\u00e4rvi<\/h2> <p  class=\"lead\"><a data-mce-href=\"https:\/\/goo.gl\/maps\/TWywz9QNygAAPayC6\" href=\"https:\/\/goo.gl\/maps\/TWywz9QNygAAPayC6\" target=\"_blank\" rel=\"noopener\" data-mce-selected=\"inline-boundary\" data-cp-link=\"1\" class=\"\">N\u00e4yt\u00e4 sijainti kartalla<\/a><\/p><\/div> <\/div> <div  class=\"row center-xs middle-xs\"> <div  class=\"col-sm-9\" data-type=\"column\"> <img decoding=\"async\"  class=\"shadow-large\" src=\"https:\/\/uudenmaantyoterveys.fi\/wp-content\/uploads\/2021\/06\/cropped-Nurmijarvi_ulkokuva-scaled-1.jpg\" title=\"cropped-Nurmijarvi_ulkokuva-scaled-1.jpg\" alt=\"\"><p  class=\"lead\" style=\"text-align: left;\">Parkkipaikat: talon edess\u00e4 ja vasemmalla puolella on kahden tunnin ilmaisia kiekkopaikkoja.\n<br ><br >\nHenkil\u00f6st\u00f6:\n<br >Ty\u00f6terveyshoitajien s\u00e4hk\u00f6postiosoitteet ovat muotoa etunimi.sukunimi@umtt.fi\n<br >L\u00e4het\u00e4 viesti omalle ty\u00f6terveyshoitajalle Polku-palvelun kautta klikkaamalla h\u00e4nen nime\u00e4\u00e4n.<br ><br >\n<a data-mce-href=\"https:\/\/umtt.movendosplatform.com\/\" href=\"https:\/\/umtt.movendosplatform.com\" target=\"_self\" data-mce-selected=\"inline-boundary\" data-cp-link=\"1\" rel=\"noopener\" class=\"\">Ty\u00f6terveyshoitaja Riitta Lohilahti<\/a><br ><a data-mce-href=\"https:\/\/umtt.movendosplatform.com\/\" href=\"https:\/\/umtt.movendosplatform.com\" target=\"_self\" data-mce-selected=\"inline-boundary\" data-cp-link=\"1\" rel=\"noopener\" class=\"\">Tyoterveyshoitaja Heini Ikonen\ufeff\n<br >Ty\u00f6terveyshoitaja Auli Corell<\/a><br >Ty\u00f6terveyspsykologi Heini P\u00e4ivinen<a data-mce-href=\"mailto:elina.hyle@kutt.fi\" href=\"mailto:elina.hyle@kutt.fi\" target=\"_self\" data-mce-selected=\"inline-boundary\" data-cp-link=\"1\" rel=\"noopener\">\n<\/a>\n<br >Ravitsemusterapeutti Kirsi M\u00e4nnist\u00f6\n<br >Sairaanhoitaja Anu K\u00f6psi<\/p><\/div> <\/div><\/div> <\/div>","protected":false},"excerpt":{"rendered":"<p>NURMIJ\u00c4RVI: Keskustie 5, 01900 Nurmij\u00e4rvi N\u00e4yt\u00e4 sijainti kartalla Parkkipaikat: talon edess\u00e4 ja vasemmalla puolella on kahden tunnin ilmaisia kiekkopaikkoja. Henkil\u00f6st\u00f6: Ty\u00f6terveyshoitajien s\u00e4hk\u00f6postiosoitteet ovat muotoa etunimi.sukunimi@umtt.fi L\u00e4het\u00e4 viesti omalle ty\u00f6terveyshoitajalle Polku-palvelun kautta klikkaamalla h\u00e4nen nime\u00e4\u00e4n. Ty\u00f6terveyshoitaja Riitta LohilahtiTyoterveyshoitaja Heini Ikonen\ufeff Ty\u00f6terveyshoitaja Auli CorellTy\u00f6terveyspsykologi Heini P\u00e4ivinen Ravitsemusterapeutti Kirsi M\u00e4nnist\u00f6 Sairaanhoitaja Anu K\u00f6psi<\/p>","protected":false},"author":1,"featured_media":0,"parent":0,"menu_order":0,"comment_status":"closed","ping_status":"closed","template":"pro\/page-templates\/full-width-page.php","meta":{"slim_seo":{"title":"Nurmij\u00e4rvi - Uudenmaan Ty&ouml;terveys Oy","description":"NURMIJ\u00c4RVI: Keskustie 5, 01900 Nurmij\u00e4rvi N\u00e4yt\u00e4 sijainti kartalla Parkkipaikat: talon edess\u00e4 ja vasemmalla puolella on kahden tunnin ilmaisia kiekkopaikkoja. He"},"footnotes":""},"class_list":["post-593","page","type-page","status-publish","hentry"],"_links":{"self":[{"href":"https:\/\/uudenmaantyoterveys.fi\/sv\/wp-json\/wp\/v2\/pages\/593","targetHints":{"allow":["GET"]}}],"collection":[{"href":"https:\/\/uudenmaantyoterveys.fi\/sv\/wp-json\/wp\/v2\/pages"}],"about":[{"href":"https:\/\/uudenmaantyoterveys.fi\/sv\/wp-json\/wp\/v2\/types\/page"}],"author":[{"embeddable":true,"href":"https:\/\/uudenmaantyoterveys.fi\/sv\/wp-json\/wp\/v2\/users\/1"}],"replies":[{"embeddable":true,"href":"https:\/\/uudenmaantyoterveys.fi\/sv\/wp-json\/wp\/v2\/comments?post=593"}],"version-history":[{"count":27,"href":"https:\/\/uudenmaantyoterveys.fi\/sv\/wp-json\/wp\/v2\/pages\/593\/revisions"}],"predecessor-version":[{"id":1764,"href":"https:\/\/uudenmaantyoterveys.fi\/sv\/wp-json\/wp\/v2\/pages\/593\/revisions\/1764"}],"wp:attachment":[{"href":"https:\/\/uudenmaantyoterveys.fi\/sv\/wp-json\/wp\/v2\/media?parent=593"}],"curies":[{"name":"wp","href":"https:\/\/api.w.org\/{rel}","templated":true}]}}