{"id":55,"date":"2020-12-10T11:42:22","date_gmt":"2020-12-10T09:42:22","guid":{"rendered":"http:\/\/uusi.umtt.fi\/?page_id=55"},"modified":"2025-11-28T10:27:19","modified_gmt":"2025-11-28T08:27:19","slug":"laboratorio-ja-kuvantaminen","status":"publish","type":"page","link":"https:\/\/uudenmaantyoterveys.fi\/sv\/laboratorio-ja-kuvantaminen\/","title":{"rendered":"Laboratorie- och r\u00f6ntgentj\u00e4nster"},"content":{"rendered":"<div  data-label=\"About\" data-id=\"about--1\" data-export-id=\"about-10\" data-category=\"about\" class=\"about-10 content-section content-section-spacing\" id=\"about-1\" style=\"background-color: rgb(255, 255, 255);\"><div  class=\"gridContainer\"> <div  class=\"row middle-sm text-center\"><div  class=\"col-sm-5 space-bottom-xs content-column content-left-sm\" data-type=\"column\">  <h2  class=\"\">Laboratorie- och r\u00f6ntgentj\u00e4nster<\/h2> <p  class=\"\">Ty\u00f6kyvyn yll\u00e4pit\u00e4minen ja sairauksien saattavat vaatia diagnostisia tutkimuksia, kuten laboratorio- tai r\u00f6ntgentutkimuksia.<br >\nHinnoittelumme pidet\u00e4\u00e4n kohtuullisena ja ennakoitavana  -mahdollisista kalliimmista tutkimuksista neuvottelemme aina erikseen ty\u00f6nantajan kanssa.  Muistathan, ett\u00e4 tutkimuksiin tulee aina olla l\u00e4hete Uudenmaan Ty\u00f6terveydest\u00e4.\n<br ><br ><span  style=\"font-weight: 400;\">\nAsiakkaidemme diagnostisista tutkimuksista vastaavat SYNLAB, ARVOTERVEYS (Lohja, Vihti, Porvoo), HUSLAB (Karkkila, M\u00e4nts\u00e4l\u00e4, Sipoo) ja HUS Kuvantaminen (Vihti, Lohja, Karkkila, M\u00e4nts\u00e4l\u00e4). Lis\u00e4ksi teemme omana toimintanamme seuraavia kliinisen fysiologian tutkimuksia: unipolygrafia, 24-tunnin EKG, oire-EKG, spirometria, spirometria+bronkodilataatio, kuulo.\n<\/span><br >\n<br ><span  style=\"font-weight: 400;\"><span  style=\"font-weight: 600;\">HUSLAB<\/span>: Ajanvaraus alempana olevasta linkist\u00e4 tai puhelimitse 09 471 86800 arkisin klo 7.30-15.30.\n<\/span><br ><br ><span  style=\"font-weight: 400;\"><span  style=\"font-weight: 600;\">SYNLAB<\/span>: Ajanvaraus alempana olevasta linkist\u00e4 tai puhelimitse:&nbsp;010 326 3260.  arkisin klo 7.30-19&nbsp;ja lauantaisin klo 10-18. Klaukkalan toimipaikkaan ajanvaraus vain puhelimitse.\n<\/span><br ><br ><span  style=\"font-weight: 400;\"><span  style=\"font-weight: 600;\">\nHUS Kuvantaminen<\/span>: Luuston ja keuhkojen kuvaukset r\u00f6ntgentutkimukset tehd\u00e4\u00e4n ilman ajanvarausta Muihin tutkimuksiin tulee varata aika alempana olevasta linkist\u00e4.<\/span><\/p> <\/div> <div  class=\"col-sm-7 flexbox middle-xs center-xs space-bottom-xs\"><div  class=\"overlay-box middle-xs center-xs flexbox\"> <div  class=\"overlay-box-offset offset-border shadow-medium border-color1 hide-xs\"><\/div> <img  decoding=\"async\" class=\"shadow-large\" data-size=\"485x705\" src=\"https:\/\/uudenmaantyoterveys.fi\/wp-content\/uploads\/2021\/05\/testalize-me-0jE8ynV4mis-unsplash.jpg\" title=\"testalize-me-0jE8ynV4mis-unsplash\" alt=\"\"><\/div> <\/div><\/div> <\/div><\/div><div  data-label=\"Features\" data-id=\"features--1\" data-export-id=\"features-13-card-bordered\" data-category=\"features\" class=\"features-13 content-section content-section-spacing\" id=\"features-1\" style=\"background-color: rgb(255, 255, 255); background-image: none;\"><div  class=\"gridContainer\">  <div  class=\"row spaced-cols start-sm content-left-sm\" data-type=\"row\"> <div  class=\"col-sm-4\"> <div  class=\"card bordered y-move\" data-type=\"column\">    <a  class=\"button y-move small color53\" href=\"https:\/\/www.hus.fi\/hoidot-ja-tutkimukset\/laboratorion-ajanvaraus-ja-neuvonta\" target=\"_self\" data-cp-link=\"1\" data-icon=\"\" rel=\"noopener\">HUSLAB<\/a><\/div> <\/div>  <\/div> <\/div><\/div><div  data-label=\"Features\" data-id=\"features--2\" data-export-id=\"features-13-card-bordered\" data-category=\"features\" class=\"features-13 content-section content-section-spacing\" id=\"features-2\" style=\"background-color: rgb(255, 255, 255);\"><div  class=\"gridContainer\">  <div  class=\"row spaced-cols start-sm content-left-sm\" data-type=\"row\"> <div  class=\"col-sm-4\"> <div  class=\"card bordered y-move\" data-type=\"column\">    <a  class=\"button y-move small color53\" href=\"https:\/\/synlab.fi\" target=\"_self\" data-cp-link=\"1\" data-icon=\"\" rel=\"noopener\">SYNLAB<\/a><\/div> <\/div>  <\/div> <\/div><\/div><div data-label=\"Features\" data-id=\"features--4\" data-export-id=\"features-13-card-bordered\" data-category=\"features\" class=\"features-13 content-section content-section-spacing\" id=\"features-4\"  style=\"background-color: rgb(255, 255, 255); background-image: none;\"><div class=\"gridContainer\" >  <div class=\"row spaced-cols start-sm content-left-sm\" data-type=\"row\" > <div class=\"col-sm-4\" > <div class=\"card bordered y-move\" data-type=\"column\" >    <a class=\"button y-move small color53\" href=\"https:\/\/arvoterveys.fi\"  target=\"_self\" data-cp-link=\"1\" data-icon=\"\">ArvoTerveys<\/a><\/div> <\/div>  <\/div> <\/div><\/div><div  data-label=\"Features\" data-id=\"features--3\" data-export-id=\"features-13-card-bordered\" data-category=\"features\" class=\"features-13 content-section content-section-spacing\" id=\"features-3\" style=\"background-color: rgb(255, 255, 255); background-image: none;\"><div  class=\"gridContainer\">  <div  class=\"row spaced-cols start-sm content-left-sm\" data-type=\"row\"> <div  class=\"col-sm-4\"> <div  class=\"card bordered y-move\" data-type=\"column\">    <a  class=\"button y-move small color53\" href=\"https:\/\/www.maisa.fi\" target=\"_self\" data-cp-link=\"1\" data-icon=\"\" rel=\"noopener\">HUS kuvantaminen<\/a><\/div> <\/div>  <\/div> <\/div><\/div>","protected":false},"excerpt":{"rendered":"<p>Laboratorio ja kuvantaminen Ty\u00f6kyvyn yll\u00e4pit\u00e4minen ja sairauksien saattavat vaatia diagnostisia tutkimuksia, kuten laboratorio- tai r\u00f6ntgentutkimuksia. Hinnoittelumme pidet\u00e4\u00e4n kohtuullisena ja ennakoitavana -mahdollisista kalliimmista tutkimuksista neuvottelemme aina erikseen ty\u00f6nantajan kanssa. Muistathan, ett\u00e4 tutkimuksiin tulee aina olla l\u00e4hete Uudenmaan Ty\u00f6terveydest\u00e4. Asiakkaidemme diagnostisista tutkimuksista vastaavat SYNLAB, ARVOTERVEYS (Lohja, Vihti, Porvoo), HUSLAB (Karkkila, M\u00e4nts\u00e4l\u00e4, Sipoo) ja HUS Kuvantaminen (Vihti, Lohja,&hellip; <br \/> <a class=\"read-more\" href=\"https:\/\/uudenmaantyoterveys.fi\/sv\/laboratorio-ja-kuvantaminen\/\">Read more<\/a><\/p>","protected":false},"author":1,"featured_media":0,"parent":0,"menu_order":0,"comment_status":"closed","ping_status":"closed","template":"pro\/page-templates\/full-width-page.php","meta":{"slim_seo":{"title":"Laboratorio ja kuvantaminen - Uudenmaan Ty&ouml;terveys Oy","description":"Laboratorio ja kuvantaminen Ty\u00f6kyvyn yll\u00e4pit\u00e4minen ja sairauksien saattavat vaatia diagnostisia tutkimuksia, kuten laboratorio- tai r\u00f6ntgentutkimuksia. Hinnoitt"},"footnotes":""},"class_list":["post-55","page","type-page","status-publish","hentry"],"_links":{"self":[{"href":"https:\/\/uudenmaantyoterveys.fi\/sv\/wp-json\/wp\/v2\/pages\/55","targetHints":{"allow":["GET"]}}],"collection":[{"href":"https:\/\/uudenmaantyoterveys.fi\/sv\/wp-json\/wp\/v2\/pages"}],"about":[{"href":"https:\/\/uudenmaantyoterveys.fi\/sv\/wp-json\/wp\/v2\/types\/page"}],"author":[{"embeddable":true,"href":"https:\/\/uudenmaantyoterveys.fi\/sv\/wp-json\/wp\/v2\/users\/1"}],"replies":[{"embeddable":true,"href":"https:\/\/uudenmaantyoterveys.fi\/sv\/wp-json\/wp\/v2\/comments?post=55"}],"version-history":[{"count":14,"href":"https:\/\/uudenmaantyoterveys.fi\/sv\/wp-json\/wp\/v2\/pages\/55\/revisions"}],"predecessor-version":[{"id":2512,"href":"https:\/\/uudenmaantyoterveys.fi\/sv\/wp-json\/wp\/v2\/pages\/55\/revisions\/2512"}],"wp:attachment":[{"href":"https:\/\/uudenmaantyoterveys.fi\/sv\/wp-json\/wp\/v2\/media?parent=55"}],"curies":[{"name":"wp","href":"https:\/\/api.w.org\/{rel}","templated":true}]}}