{"id":2570,"date":"2026-04-24T07:06:00","date_gmt":"2026-04-24T05:06:00","guid":{"rendered":"https:\/\/uudenmaantyoterveys.fi\/?page_id=2570"},"modified":"2026-05-04T07:38:03","modified_gmt":"2026-05-04T05:38:03","slug":"yksityisasiakkaat","status":"publish","type":"page","link":"https:\/\/uudenmaantyoterveys.fi\/sv\/yksityisasiakkaat\/","title":{"rendered":"Yksityisasiakkaat"},"content":{"rendered":"<div  data-label=\"Content\" data-id=\"content--1\" data-export-id=\"content-12\" data-category=\"content\" class=\"content-12 content-section content-section-spacing\" id=\"content-1\" style=\"background-color: rgb(255, 255, 255); background-image: none;\"><div  class=\"gridContainer\">  <div  class=\"row center-xs middle-xs\"> <div  class=\"col-sm-9\" data-type=\"column\"> <img  decoding=\"async\" class=\"shadow-large\" src=\"https:\/\/uudenmaantyoterveys.fi\/wp-content\/uploads\/2026\/04\/cropped-YAS_Anu-1.jpg\" title=\"YAS_Anu\" alt=\"YAS Anu\"><\/div> <\/div><\/div> <\/div><div  data-label=\"Features\" data-id=\"features--1\" data-export-id=\"features-13-card-bordered\" data-category=\"features\" class=\"features-13 content-section content-section-spacing\" id=\"features-1\" style=\"background-color: rgb(255, 255, 255);\"><div  class=\"gridContainer\"> <div  class=\"row text-center\"><div  class=\"section-title-col\" data-type=\"column\"> <h2  class=\"\"><span  style=\"font-weight: 900;\">Uudenmaan Ty\u00f6terveys palvelee nyt my\u00f6s yksityisasiakkaita<\/span><\/h2> <p  class=\"lead\"><span  style=\"font-weight: 400;\">Uudenmaan Ty\u00f6terveys laajentaa palveluitaan ja palvelee<\/span> <span  style=\"font-weight: 600;\">5.5.2026 alkaen my\u00f6s yksityisasiakkaita<\/span><span  style=\"font-weight: 400;\">. Tarjoamme laadukasta ja luotettavaa terveyspalvelua my\u00f6s ilman ty\u00f6terveyssopimusta.<\/span><br ><span  style=\"font-weight: 400;\">\nYksityisasiakkaana saat sujuvasti apua terveyteesi liittyviss\u00e4 asioissa joko vastaanotolla tai et\u00e4n\u00e4.<\/span><\/p><\/div> <\/div> <div  class=\"row spaced-cols content-left-sm center-sm\" data-type=\"row\"> <div  class=\"col-sm-4\"> <div  class=\"card bordered y-move\" data-type=\"column\">  <h4  class=\"\"><span  style=\"font-weight: 700;\">Ajanvaraus ja yhteydenotto<\/span><\/h4> <p  class=\"\">Yksityisasiakkaita varten on k\u00e4yt\u00f6ss\u00e4 <span  style=\"font-weight: 600;\">oma erillinen<\/span> puhelinnumero, joka on eri kuin ty\u00f6terveysasiakkaiden yhteydenottokanava.<br >\n<img  decoding=\"async\" draggable=\"false\" role=\"img\" class=\"emoji\" alt=\"\ud83d\udcde\" src=\"https:\/\/s.w.org\/images\/core\/emoji\/17.0.2\/svg\/1f4de.svg\"> Yksityisasiakkaiden ajanvaraus puhelinnumero:&nbsp;<span  id=\"_mce_caret\" data-mce-bogus=\"1\" data-mce-type=\"format-caret\"><span  style=\"font-weight: 600;\"><a data-mce-href=\"tel:0941310199\" href=\"tel:0941310199\" target=\"_self\" data-mce-selected=\"inline-boundary\"  data-cp-link=\"1\">09 4131 0199<\/a><\/span><\/span><br >arkisin ma-to 8-15 ja pe 8-14 (my\u00f6s aattop\u00e4ivin\u00e4)<\/p> <\/div> <\/div> <div  class=\"col-sm-4\"> <div  class=\"card bordered y-move\" data-type=\"column\">  <h4  class=\"\"><span  style=\"font-weight: 700;\">Palvelumme yksityisasiakkaille<\/span><\/h4> <p  class=\"\">Tarjoamme yksityisasiakkaille l\u00e4\u00e4k\u00e4ri-, hoitaja-, fysioterapeutin ja psykologin palveluita arkisin aukioloaikojemme mukaisesti.<br >\nLis\u00e4ksi k\u00e4yt\u00f6ss\u00e4si ovat et\u00e4palvelut <span  style=\"font-weight: 600;\">Uudenmaan OmaTy\u00f6terveys<\/span> palvelun kautta. Et\u00e4palvelussa saat hoidon lis\u00e4ksi my\u00f6s asiakaspalvelua ja neuvontaa, ja voit asioida helposti riippumatta sijainnistasi.\n<br >Palvelun kautta voit my\u00f6s l\u00e4hett\u00e4\u00e4 viestej\u00e4 suoraan l\u00e4\u00e4k\u00e4rille.<\/p> <\/div> <\/div> <\/div> <\/div><\/div><div  data-label=\"Features\" data-id=\"features--2\" data-export-id=\"features-13-card-bordered\" data-category=\"features\" class=\"features-13 content-section content-section-spacing\" id=\"features-2\" style=\"background-color: rgb(255, 255, 255); background-image: none;\"><div  class=\"gridContainer\">  <div  class=\"row spaced-cols content-center-sm center-sm\" data-type=\"row\"> <div  class=\"col-sm-4\"> <div  class=\"card bordered y-move\" data-type=\"column\">    <a  class=\"button y-move big color1\" href=\"https:\/\/uudenmaantyoterveys.fi\/wp-content\/uploads\/2026\/05\/Uudenmaan-Tyoterveys-Oy-yksityisasiakkaiden-hinnasto-5.5.2026.pdf\" target=\"_self\" data-cp-link=\"1\" data-icon=\"\">HINNASTOMME<\/a><\/div> <\/div> <div  class=\"col-sm-4\"> <div  class=\"card bordered y-move\" data-type=\"column\">    <a  class=\"button y-move big color1\" href=\"https:\/\/umtt.movendosplatform.com\" target=\"_self\" data-cp-link=\"1\" data-icon=\"\">Uudenmaan OmaTy\u00f6terveys<\/a><\/div> <\/div> <\/div> <\/div><\/div><div  data-label=\"Content\" data-id=\"content--2\" data-export-id=\"content-12\" data-category=\"content\" class=\"content-12 content-section content-section-spacing\" id=\"content-2\" style=\"background-color: rgb(255, 255, 255); background-image: none;\"><div  class=\"gridContainer\"><div  data-section-title-area=\"true\" class=\"row text-center\">   <div  class=\"section-title-col\" data-type=\"column\">       <h2  class=\"\" style=\"text-align: left;\">Tj\u00e4nster<\/h2>       <p  class=\"lead\" style=\"text-align: left;\"><span  style=\"font-weight: 700;\">Yleisl\u00e4\u00e4k\u00e4ripalvelut<\/span><br >\n<span  style=\"font-weight: 400;\">Yleisl\u00e4\u00e4k\u00e4rin vastaanotot ovat saatavilla l\u00e4hivastaanottona, videovastaanottona, puhelimitse sek\u00e4 e vastaanoton (OmaTy\u00f6terveys) kautta. L\u00e4\u00e4k\u00e4rin palveluihin kuuluvat yleisl\u00e4\u00e4k\u00e4rinpalvelut sek\u00e4 lausuntojen ja todistusten kirjoittaminen.<\/span>\n<br ><br >\n<span  style=\"font-weight: 400;\">Vastaanotolla voidaan tehd\u00e4 muun muassa luomenpoistoja ja kortisonipistoksia.<\/span>\n<br ><br >\n<span  style=\"font-weight: 700;\">Psykologipalvelut<\/span><br >\n<span  style=\"font-weight: 400;\">Psykologimme tarjoavat keskusteluapua ja tukea esimerkiksi stressin hallintaan, el\u00e4m\u00e4nkriiseihin ja ihmissuhdehaasteisiin. Vastaanotot ovat mahdollisia sek\u00e4 l\u00e4hivastaanottona ett\u00e4 et\u00e4n\u00e4.<\/span>\n<br ><br >\n<span  style=\"font-weight: 700;\">Fysioterapiapalvelut<\/span><br >\n<span  style=\"font-weight: 400;\">Fysioterapeutti auttaa muun muassa leikkauksen j\u00e4lkeisess\u00e4 kuntoutuksessa, kuten tekonivelleikkausten j\u00e4lkeen, sek\u00e4 tuki  ja liikuntaelinten kipujen ja vammojen hoidossa (esimerkiksi niska  ja selk\u00e4kivut).<\/span>\n<br ><br >\n<span  style=\"font-weight: 400;\">Palveluihin kuuluvat my\u00f6s manuaalinen terapia, kinesioteippaus, liikkumisongelmien selvittely, toimintakyvyn testaus sek\u00e4 terapeuttinen harjoittelu. Lis\u00e4ksi tarjoamme ohjausta ja neuvontaa tuki  ja liikuntaelinsairauksien ennaltaehk\u00e4isyyn.<\/span>\n<br ><br >\n<span  style=\"font-weight: 700;\">Hoitajapalvelut<\/span><br >\n<span  style=\"font-weight: 400;\">Hoitajamme tarjoavat monipuolisia tutkimus  ja hoitopalveluja, kuten ompeleiden ja hakasten poistoja, korvahuuhteluita, spirometria  ja y\u00f6polygrafia-tutkimuksia sek\u00e4 kuulo  ja muistitutkimuksia. Hoitaja voi tarvittaessa my\u00f6s kirjoittaa sairaslomatodistuksen.\n<\/span><br ><br ><span  style=\"font-weight: 400;\">\nHoitaja voi antaa matkailijan terveysneuvontaa sek\u00e4 tarpeellisia rokotuksia. Lis\u00e4ksi j\u00e4rjest\u00e4mme ensiapukoulutuksia.<\/span><\/p>   <\/div><\/div>  <div  class=\"row center-xs middle-xs\"> <div  class=\"col-sm-9\" data-type=\"column\"> <\/div> <\/div><\/div> <\/div>","protected":false},"excerpt":{"rendered":"<p>Uudenmaan Ty\u00f6terveys palvelee nyt my\u00f6s yksityisasiakkaita Uudenmaan Ty\u00f6terveys laajentaa palveluitaan ja palvelee 5.5.2026 alkaen my\u00f6s yksityisasiakkaita. Tarjoamme laadukasta ja luotettavaa terveyspalvelua my\u00f6s ilman ty\u00f6terveyssopimusta. Yksityisasiakkaana saat sujuvasti apua terveyteesi liittyviss\u00e4 asioissa joko vastaanotolla tai et\u00e4n\u00e4. Ajanvaraus ja yhteydenotto Yksityisasiakkaita varten on k\u00e4yt\u00f6ss\u00e4 oma erillinen puhelinnumero, joka on eri kuin ty\u00f6terveysasiakkaiden yhteydenottokanava. Yksityisasiakkaiden ajanvaraus puhelinnumero:&nbsp;\ufeff09 4131&hellip; <br \/> <a class=\"read-more\" href=\"https:\/\/uudenmaantyoterveys.fi\/sv\/yksityisasiakkaat\/\">Read more<\/a><\/p>","protected":false},"author":1,"featured_media":0,"parent":0,"menu_order":0,"comment_status":"closed","ping_status":"closed","template":"pro\/page-templates\/full-width-page.php","meta":{"slim_seo":{"title":"Yksityisasiakkaat - Uudenmaan Ty&ouml;terveys Oy","description":"Uudenmaan Ty\u00f6terveys palvelee nyt my\u00f6s yksityisasiakkaita Uudenmaan Ty\u00f6terveys laajentaa palveluitaan ja palvelee 5.5.2026 alkaen my\u00f6s yksityisasiakkaita . Tarj"},"footnotes":""},"class_list":["post-2570","page","type-page","status-publish","hentry"],"_links":{"self":[{"href":"https:\/\/uudenmaantyoterveys.fi\/sv\/wp-json\/wp\/v2\/pages\/2570","targetHints":{"allow":["GET"]}}],"collection":[{"href":"https:\/\/uudenmaantyoterveys.fi\/sv\/wp-json\/wp\/v2\/pages"}],"about":[{"href":"https:\/\/uudenmaantyoterveys.fi\/sv\/wp-json\/wp\/v2\/types\/page"}],"author":[{"embeddable":true,"href":"https:\/\/uudenmaantyoterveys.fi\/sv\/wp-json\/wp\/v2\/users\/1"}],"replies":[{"embeddable":true,"href":"https:\/\/uudenmaantyoterveys.fi\/sv\/wp-json\/wp\/v2\/comments?post=2570"}],"version-history":[{"count":12,"href":"https:\/\/uudenmaantyoterveys.fi\/sv\/wp-json\/wp\/v2\/pages\/2570\/revisions"}],"predecessor-version":[{"id":2603,"href":"https:\/\/uudenmaantyoterveys.fi\/sv\/wp-json\/wp\/v2\/pages\/2570\/revisions\/2603"}],"wp:attachment":[{"href":"https:\/\/uudenmaantyoterveys.fi\/sv\/wp-json\/wp\/v2\/media?parent=2570"}],"curies":[{"name":"wp","href":"https:\/\/api.w.org\/{rel}","templated":true}]}}