{"id":2371,"date":"2025-03-06T13:52:37","date_gmt":"2025-03-06T11:52:37","guid":{"rendered":"https:\/\/uudenmaantyoterveys.fi\/?page_id=2371"},"modified":"2025-04-11T11:47:05","modified_gmt":"2025-04-11T09:47:05","slug":"verkkokoulutukset","status":"publish","type":"page","link":"https:\/\/uudenmaantyoterveys.fi\/sv\/verkkokoulutukset\/","title":{"rendered":"Verkkokoulutukset"},"content":{"rendered":"<div  data-label=\"Content\" data-id=\"content--1\" data-export-id=\"content-7\" data-category=\"content\" class=\"content-7 content-section content-section-spacing\" id=\"content-1\" style=\"background-color: rgb(255, 255, 255);\"><div  class=\"gridContainer\"> <div  class=\"row middle-sm\"><div  class=\"col-sm-6 space-bottom-xs\" data-type=\"column\"> <h2  class=\"\"><span  style=\"font-weight: 600;\">Verkkokoulutuksemme on joustava tapa oppia el\u00e4m\u00e4n t\u00e4rkeimpi\u00e4 taitoja!<\/span><\/h2> <p  class=\"\"><span  style=\"font-family: Muli, arial, helvetica, sans-serif;\">SPR H\u00e4t\u00e4ensiapukurssi 4 t\u00ae verkkokoulutuksella opit t\u00e4rkeimm\u00e4t henke\u00e4 pelastavat h\u00e4t\u00e4ensiavun tiedot ja taidot \u2013 miss\u00e4 ja milloin vain. Kurssilla opitaan mm. painelu- puhalluselvytys, defibrillaattorin k\u00e4ytt\u00f6 ja suuren verenvuodon tyrehdytt\u00e4minen.<\/span><br ><span  style=\"font-family: Muli, arial, helvetica, sans-serif;\">\nSPR H\u00e4t\u00e4ensiapukurssi 4 t\u00ae verkkokoulutus sis\u00e4lt\u00e4\u00e4 s\u00e4hk\u00f6alan ensiapukoulutuksen aiheet s\u00e4hk\u00f6ty\u00f6turvallisuusstandardin SFS6002 mukaisesti.<\/span><br ><span  style=\"font-family: Muli, arial, helvetica, sans-serif;\">\nKoulutuksella voi my\u00f6s jatkaa yhden kerran SPR Ensiapukurssi EA 1\u00ae tai SPR Ensiapukurssi EA 2\u00ae p\u00e4tevyyden voimassaoloaikaa kolmeksi vuodeksi eteenp\u00e4in.<\/span><\/p> <img  decoding=\"async\" class=\"custom-image\" src=\"https:\/\/uudenmaantyoterveys.fi\/wp-content\/uploads\/2025\/03\/4T-Kuva.png\" title=\"\" alt=\"\"><img  decoding=\"async\" class=\"custom-image\" src=\"https:\/\/uudenmaantyoterveys.fi\/wp-content\/uploads\/2025\/03\/8T-Kuva.png\" title=\"\" alt=\"\"><p  class=\"\"><span  style=\"font-family: Muli, arial, helvetica, sans-serif;\">SPR H\u00e4t\u00e4ensiapukurssi 8 t\u00ae verkkokoulutuksessa opit t\u00e4rkeimm\u00e4t henke\u00e4 pelastavat h\u00e4t\u00e4ensiavun tiedot ja taidot itsen\u00e4isesti ja omaan tahtiin. Voit suorittaa kurssin, kun sinulle sopii. Kurssi sis\u00e4lt\u00e4\u00e4 aktivoivia harjoituksia ja teht\u00e4vi\u00e4. Kurssilla opit mm. painelu- puhalluselvytyksen, defibrillaattorin k\u00e4yt\u00f6n ja tavallisimpien sairauskohtausten ensiavun. SPR H\u00e4t\u00e4ensiapukurssi 8 t\u00ae verkkokoulutus sis\u00e4lt\u00e4\u00e4 my\u00f6s s\u00e4hk\u00f6alan ensiapukoulutuksen aiheet s\u00e4hk\u00f6ty\u00f6turvallisuusstandardin SFS6002 mukaisesti. Koulutuksella voi my\u00f6s jatkaa yhden kerran SPR Ensiapukurssi EA 1\u00ae tai SPR Ensiapukurssi EA 2\u00ae p\u00e4tevyyden voimassaoloaikaa kolmeksi vuodeksi eteenp\u00e4in.<\/span><\/p><p  class=\"\"><span  style=\"font-family: Muli, arial, helvetica, sans-serif;\">\u2022\tSPR h\u00e4t\u00e4ensiapukoulutus 4t = 63\u20ac\/hl\u00f6<\/span><br ><span  style=\"font-family: Muli, arial, helvetica, sans-serif;\">\n\u2022\tSPR h\u00e4t\u00e4ensiapukoulutus 8t = 98\u20achl\u00f6<\/span><br ><span  style=\"font-family: Muli, arial, helvetica, sans-serif;\">\n\u2022\tRekister\u00f6inti ja todistusmaksu = 18,70\u20ac\/hl\u00f6<\/span><br ><span  style=\"font-family: Muli, arial, helvetica, sans-serif;\">\nHintoihin lis\u00e4t\u00e4\u00e4n alv.<\/span><br ><span  style=\"font-family: Muli, arial, helvetica, sans-serif;\">\nTy\u00f6nantajan on mahdollista saada Kelakorvausta ensiapuv\u00e4lineist\u00e4 ja -koulutuksesta osana ehk\u00e4isev\u00e4\u00e4 ty\u00f6terveyshuoltoa (Kela 1).<\/span><\/p><p  class=\"\"><span  style=\"font-family: Open Sans, arial, helvetica, sans-serif;\"><span  style=\"color: rgb(252, 1, 1);\">Ty\u00f6nantaja, t\u00e4st\u00e4 voit ilmoittaa ty\u00f6ntekij\u00e4si verkkokoulutukseen:<\/span> <a  href=\"https:\/\/forms.office.com\/e\/DKzJhMQacC\" target=\"_self\" data-mce-href=\"https:\/\/forms.office.com\/e\/DKzJhMQacC\" data-cp-link=\"1\" data-mce-selected=\"inline-boundary\" class=\"\">ILMOITTAUDU<\/a><\/span><br ><span  style=\"font-style: italic; font-family: Open Sans, arial, helvetica, sans-serif;\">\nJos osallistujia verkkokoulutukseen on useampi,<\/span><br ><span  style=\"font-style: italic; font-family: Open Sans, arial, helvetica, sans-serif;\">\nole yhteydess\u00e4 <a data-mce-href=\"mailto:suvi.lahtinen@umtt.fi\" href=\"mailto:suvi.lahtinen@umtt.fi\" target=\"_self\" data-mce-selected=\"inline-boundary\"  data-cp-link=\"1\"><span  style=\"text-decoration: underline;\"><span  style=\"color: rgb(5, 140, 250); text-decoration: underline;\">suvi.lahtinen@umtt.fi<\/span><\/span><\/a><\/span><\/p><\/div> <div  class=\"col-sm-6\" data-type=\"column\"><img  decoding=\"async\" class=\"custom-image\" src=\"https:\/\/uudenmaantyoterveys.fi\/wp-content\/uploads\/2024\/11\/Ensiapu.png\" title=\"Ensiapu\" alt=\"\"> <\/div> <\/div><\/div> <\/div>","protected":false},"excerpt":{"rendered":"<p>Verkkokoulutuksemme on joustava tapa oppia el\u00e4m\u00e4n t\u00e4rkeimpi\u00e4 taitoja! SPR H\u00e4t\u00e4ensiapukurssi 4 t\u00ae verkkokoulutuksella opit t\u00e4rkeimm\u00e4t henke\u00e4 pelastavat h\u00e4t\u00e4ensiavun tiedot ja taidot \u2013 miss\u00e4 ja milloin vain. Kurssilla opitaan mm. painelu- puhalluselvytys, defibrillaattorin k\u00e4ytt\u00f6 ja suuren verenvuodon tyrehdytt\u00e4minen. SPR H\u00e4t\u00e4ensiapukurssi 4 t\u00ae verkkokoulutus sis\u00e4lt\u00e4\u00e4 s\u00e4hk\u00f6alan ensiapukoulutuksen aiheet s\u00e4hk\u00f6ty\u00f6turvallisuusstandardin SFS6002 mukaisesti. Koulutuksella voi my\u00f6s jatkaa yhden kerran&hellip; <br \/> <a class=\"read-more\" href=\"https:\/\/uudenmaantyoterveys.fi\/sv\/verkkokoulutukset\/\">Read more<\/a><\/p>","protected":false},"author":6,"featured_media":0,"parent":0,"menu_order":0,"comment_status":"closed","ping_status":"closed","template":"pro\/page-templates\/full-width-page.php","meta":{"slim_seo":{"title":"Verkkokoulutukset - Uudenmaan Ty&ouml;terveys Oy","description":"Verkkokoulutuksemme on joustava tapa oppia el\u00e4m\u00e4n t\u00e4rkeimpi\u00e4 taitoja! SPR H\u00e4t\u00e4ensiapukurssi 4 t\u00ae verkkokoulutuksella opit t\u00e4rkeimm\u00e4t henke\u00e4 pelastavat h\u00e4t\u00e4ensia"},"footnotes":""},"class_list":["post-2371","page","type-page","status-publish","hentry"],"_links":{"self":[{"href":"https:\/\/uudenmaantyoterveys.fi\/sv\/wp-json\/wp\/v2\/pages\/2371","targetHints":{"allow":["GET"]}}],"collection":[{"href":"https:\/\/uudenmaantyoterveys.fi\/sv\/wp-json\/wp\/v2\/pages"}],"about":[{"href":"https:\/\/uudenmaantyoterveys.fi\/sv\/wp-json\/wp\/v2\/types\/page"}],"author":[{"embeddable":true,"href":"https:\/\/uudenmaantyoterveys.fi\/sv\/wp-json\/wp\/v2\/users\/6"}],"replies":[{"embeddable":true,"href":"https:\/\/uudenmaantyoterveys.fi\/sv\/wp-json\/wp\/v2\/comments?post=2371"}],"version-history":[{"count":6,"href":"https:\/\/uudenmaantyoterveys.fi\/sv\/wp-json\/wp\/v2\/pages\/2371\/revisions"}],"predecessor-version":[{"id":2403,"href":"https:\/\/uudenmaantyoterveys.fi\/sv\/wp-json\/wp\/v2\/pages\/2371\/revisions\/2403"}],"wp:attachment":[{"href":"https:\/\/uudenmaantyoterveys.fi\/sv\/wp-json\/wp\/v2\/media?parent=2371"}],"curies":[{"name":"wp","href":"https:\/\/api.w.org\/{rel}","templated":true}]}}