{"id":1694,"date":"2023-05-23T10:07:18","date_gmt":"2023-05-23T08:07:18","guid":{"rendered":"https:\/\/uudenmaantyoterveys.fi\/?page_id=1694"},"modified":"2026-01-05T09:48:13","modified_gmt":"2026-01-05T07:48:13","slug":"ensiapukoulutus","status":"publish","type":"page","link":"https:\/\/uudenmaantyoterveys.fi\/sv\/ensiapukoulutus\/","title":{"rendered":"F\u00f6rsta hj\u00e4lpen-kurser"},"content":{"rendered":"<div  data-label=\"Content\" data-id=\"content--1\" data-export-id=\"content-7\" data-category=\"content\" class=\"content-7 content-section content-section-spacing\" id=\"content-1\" style=\"background-color: rgb(255, 255, 255);\"><div  class=\"gridContainer\"> <div  class=\"row middle-sm\"><div  class=\"col-sm-6 space-bottom-xs\" data-type=\"column\"> <h2  class=\"\">ENSIAPUKOULUTUS<\/h2> <p  class=\"\">Meilt\u00e4 saat sertifioidut ja korkealaatuiset SPR ensiapukurssit, joista saa Suomen tunnustetuimman ensiapup\u00e4tevyyden!  Kursseja on saatavina eri sis\u00e4ll\u00f6in ja toteutusmuodoin, ja niist\u00e4 l\u00f6ytyy jokaiselle sopiva vaihtoehto.\n<br ><br >\nEnsiapukurssejamme ovat mm. SPR H\u00e4t\u00e4ensiapukurssi 4 t\u00ae, SPR H\u00e4t\u00e4ensiapukurssi 8 t\u00ae ja SPR Ensiapukurssi EA 1\u00ae.\n<br ><br >\nKoulutuksesta saa aina SPR ensiaputodistuksen, joka on voimassa kolme vuotta. Koulutuksen tunnistaa SPR-etuliitteest\u00e4. Kouluttajana toimii ensiavun ja terveystiedon kouluttaja.\n<br ><br >\nHinnat sis\u00e4lt\u00e4v\u00e4t opetuksen, ohjauksen ja kurssilla k\u00e4ytett\u00e4v\u00e4t materiaalit. Kurssille mahtuu max. 15 osallistujaa.\n<br ><br >\nKurssit toteutetaan l\u00e4sn\u00e4olona, yhdistelm\u00e4koulutuksena (EA 1 ja h\u00e4t\u00e4ensiapukurssi 8h) tai verkkokoulutuksena (h\u00e4t\u00e4ensiapukurssi 4h)<br >\nKurssille osallistumisesta tulee sopia ty\u00f6nantajan \/ esihenkil\u00f6n kanssa.\n<br ><br >\nLis\u00e4tietoja: Anu K\u00f6psi (anu.kopsi@umtt.fi), Niina Lepp\u00e4nen (niina.leppanen@umtt.fi), Suvi Lahtinen (suvi.lahtinen@umtt.fi)\n<br ><br >\nTervetuloa mukaan!&nbsp;<br ><br ><span style=\"font-weight: 600;\" ><a data-mce-href=\"..\/wp-content\/uploads\/2026\/01\/SPR-Hataensiapukurssi-8-t-mainos-25032006.pdf\" href=\"..\/wp-content\/uploads\/2026\/01\/SPR-Hataensiapukurssi-8-t-mainos-25032006.pdf\" target=\"_self\" data-mce-selected=\"inline-boundary\"  data-cp-link=\"1\">SPR H\u00e4t\u00e4ensiapukurssi 8 t\u00ae \u2013 Keskiviikkona 25.3.2026 klo: 8.30-16 Lohjalla<\/a><\/span><br ><br ><span style=\"font-weight: 600;\" ><a  data-mce-href=\"https:\/\/forms.office.com\/Pages\/ResponsePage.aspx?id=2B8n8LkrG0-ggqcSxhY3UfB4RHEpwkVLhs37XdoK5jtUN01LU1ZVOFlSMUdFSFU5N1ExR1gzUUY1NC4u\" href=\"https:\/\/forms.office.com\/Pages\/ResponsePage.aspx?id=2B8n8LkrG0-ggqcSxhY3UfB4RHEpwkVLhs37XdoK5jtUN01LU1ZVOFlSMUdFSFU5N1ExR1gzUUY1NC4u\" target=\"_self\" data-mce-selected=\"inline-boundary\" data-cp-link=\"1\" class=\"\">Ilmoittautuminen SPR H\u00e4t\u00e4ensiapukoulutuksiin: \u2013 T\u00e4yt\u00e4 lomake<\/a><\/span><\/p> <img  decoding=\"async\" class=\"custom-image\" src=\"https:\/\/uudenmaantyoterveys.fi\/wp-content\/uploads\/2024\/11\/cropped-Ensiapu.png\" title=\"cropped-Ensiapu.png\" alt=\"\"><\/div> <div  class=\"col-sm-6\" data-type=\"column\"> <img  decoding=\"async\" class=\"shadow-large\" src=\"https:\/\/uudenmaantyoterveys.fi\/wp-content\/uploads\/2023\/08\/EA.jpg\" title=\"EA\" alt=\"\"><\/div> <\/div><\/div> <\/div><div  data-label=\"Features\" data-id=\"features--1\" data-export-id=\"features-13-card-bordered\" data-category=\"features\" class=\"features-13 content-section content-section-spacing\" id=\"features-1\" style=\"background-color: rgb(251, 251, 251); background-image: none;\"><div  class=\"gridContainer\"> <div  class=\"row text-center\"><div  class=\"section-title-col\" data-type=\"column\">  <\/div> <\/div> <div  class=\"row spaced-cols content-center-sm\" data-type=\"row\"> <div  class=\"col-sm-4\"> <div  class=\"card bordered y-move\" data-type=\"column\">  <h4  class=\"\">SPR Ensiapukurssi  EA 1 \u00ae\n<br >Kurssin kesto (8 x 45min, 2 p\u00e4iv\u00e4\u00e4)<\/h4> <p  class=\"\" style=\"text-align: left;\"><span  style=\"text-decoration: underline; font-weight: 700;\">1 p\u00e4iv\u00e4:<\/span><br >\n\u2022\tToiminta auttamistilanteessa<br >\n\u2022\tTajuttomuus<br >\n\u2022\tElottomuus ja elvytys<br >\n\u2022\tSyd\u00e4niskuri eli defibrillaattori osana elvytyst\u00e4<br >\n\u2022\tVierasesine hengitysteiss\u00e4<br >\n\u2022\tSuuret verenvuodot ja sokki<br >\n\u2022\tSairauskohtaukset\n<span  style=\"text-decoration: underline; font-weight: 700;\">\n<br >\n<br >2 p\u00e4iv\u00e4:<\/span><br >\n\u2022\tHaavat ja palovammat<br >\n\u2022\tTuki- ja liikuntaelinvammat<br >\n\u2022\tMuita tapaturmia<br >\n\u2022\tMyrkytykset<br >\n\u2022\tKertausta<br >\n\u2022\tLoppuharjoituksia<\/p> <img  decoding=\"async\" class=\"custom-image\" src=\"https:\/\/uudenmaantyoterveys.fi\/wp-content\/uploads\/2025\/03\/EA1.png\" title=\"\" alt=\"\"><\/div> <\/div> <div  class=\"col-sm-4\"> <div  class=\"card bordered y-move\" data-type=\"column\">  <h4  class=\"\">SPR H\u00e4t\u00e4ensiapukurssi  8 t \u00ae<span  id=\"_mce_caret\" data-mce-bogus=\"1\" data-mce-type=\"format-caret\"><span  style=\"font-weight: 600;\"> <span  id=\"_mce_caret\" data-mce-bogus=\"1\" data-mce-type=\"format-caret\"><span  style=\"font-weight: 600;\"><\/span><\/span><\/span><\/span>Kurssin kesto (8 x 45min)<!--[if gte mso 9]><xml    >\n <o    :OfficeDocumentSettings>\n  <o    :AllowPNG\/>\n <\/o:OfficeDocumentSettings>\n<\/xml><![endif]--><\/h4> <p  class=\"\" style=\"text-align: left;\">\u2022\tToiminta auttamistilanteessa<br >\n\u2022\tTajuttomuus<br >\n\u2022\tElottomuus ja elvytys<br >\n\u2022\tSyd\u00e4niskuri eli defibrillaattori osana elvytyst\u00e4<br >\n\u2022\tVierasesine hengitysteiss\u00e4<br >\n\u2022\tSuuret verenvuodot ja sokki<br >\n\u2022\tHaavat ja palovammat<br >\n\u2022\tSairauskohtaukset<\/p> <img  decoding=\"async\" class=\"custom-image\" src=\"https:\/\/uudenmaantyoterveys.fi\/wp-content\/uploads\/2025\/03\/8T.png\" title=\"\" alt=\"\"><\/div> <\/div> <div  class=\"col-sm-4\"> <div  class=\"card bordered y-move\" data-type=\"column\">  <h4  class=\"\">SPR H\u00e4t\u00e4ensiapukurssi  4 t \u00ae Kurssin kesto (4 x 45min)<\/h4> <p  class=\"\" style=\"text-align: left;\">\u2022\tToiminta auttamistilanteessa<br >\n\u2022\tTajuttomuus<br >\n\u2022\tElottomuus ja elvytys<br >\n\u2022\tSyd\u00e4niskuri eli defibrillaattori osana elvytyst\u00e4<br >\n\u2022\tVierasesine hengitysteiss\u00e4<br >\n\u2022\tSuuret verenvuodot ja sokki<\/p> <img  decoding=\"async\" class=\"custom-image\" src=\"https:\/\/uudenmaantyoterveys.fi\/wp-content\/uploads\/2025\/03\/4T.png\" title=\"\" alt=\"\"><\/div> <\/div><\/div> <\/div><\/div><div  data-label=\"Content\" data-id=\"content--2\" data-export-id=\"content-12\" data-category=\"content\" class=\"content-12 content-section content-section-spacing\" id=\"content-2\" style=\"background-color: rgb(255, 255, 255);\"><div  class=\"gridContainer\"> <div  class=\"row text-center\"><div  class=\"section-title-col\" data-type=\"column\"> <h2  class=\"\" style=\"text-align: left;\">Hinnat:<\/h2> <p  class=\"lead\" style=\"text-align: left;\"><span  style=\"font-weight: 400;\">\u2022\tSPR H\u00e4t\u00e4ensiapukurssi 4t\u00ae verkkokoulutus 68\u20ac + rekister\u00f6inti- ja todistusmaksu 18,90\u20ac\/hl\u00f6<\/span><br ><span  style=\"font-weight: 400;\">\n\u2022\tSPR H\u00e4t\u00e4ensiapukurssi 8t\u00ae verkkokoulutus 105,80\u20ac + rekister\u00f6inti- ja todistusmaksu 18,90\u20ac\/hl\u00f6<\/span><br ><span  style=\"font-weight: 400;\">\n\u2022\tHintoihin lis\u00e4t\u00e4\u00e4n voimassa oleva ALV<\/span><\/p><\/div> <\/div> <div  class=\"row center-xs middle-xs\"> <div  class=\"col-sm-9\" data-type=\"column\"> <img decoding=\"async\"  class=\"shadow-large\" src=\"https:\/\/uudenmaantyoterveys.fi\/wp-content\/uploads\/2026\/01\/SPR_QR.png\" title=\"SPR_QR\" alt=\"SPR QR\"><\/div> <\/div><\/div> <\/div>","protected":false},"excerpt":{"rendered":"<p>ENSIAPUKOULUTUS Meilt\u00e4 saat sertifioidut ja korkealaatuiset SPR ensiapukurssit, joista saa Suomen tunnustetuimman ensiapup\u00e4tevyyden! Kursseja on saatavina eri sis\u00e4ll\u00f6in ja toteutusmuodoin, ja niist\u00e4 l\u00f6ytyy jokaiselle sopiva vaihtoehto. Ensiapukurssejamme ovat mm. SPR H\u00e4t\u00e4ensiapukurssi 4 t\u00ae, SPR H\u00e4t\u00e4ensiapukurssi 8 t\u00ae ja SPR Ensiapukurssi EA 1\u00ae. Koulutuksesta saa aina SPR ensiaputodistuksen, joka on voimassa kolme vuotta. Koulutuksen tunnistaa SPR-etuliitteest\u00e4.&hellip; <br \/> <a class=\"read-more\" href=\"https:\/\/uudenmaantyoterveys.fi\/sv\/ensiapukoulutus\/\">Read more<\/a><\/p>","protected":false},"author":1,"featured_media":0,"parent":0,"menu_order":0,"comment_status":"closed","ping_status":"closed","template":"pro\/page-templates\/full-width-page.php","meta":{"slim_seo":{"title":"Ensiapukoulutus - Uudenmaan Ty&ouml;terveys Oy","description":"ENSIAPUKOULUTUS Meilt\u00e4 saat sertifioidut ja korkealaatuiset SPR ensiapukurssit, joista saa Suomen tunnustetuimman ensiapup\u00e4tevyyden! Kursseja on saatavina eri s"},"footnotes":""},"class_list":["post-1694","page","type-page","status-publish","hentry"],"_links":{"self":[{"href":"https:\/\/uudenmaantyoterveys.fi\/sv\/wp-json\/wp\/v2\/pages\/1694","targetHints":{"allow":["GET"]}}],"collection":[{"href":"https:\/\/uudenmaantyoterveys.fi\/sv\/wp-json\/wp\/v2\/pages"}],"about":[{"href":"https:\/\/uudenmaantyoterveys.fi\/sv\/wp-json\/wp\/v2\/types\/page"}],"author":[{"embeddable":true,"href":"https:\/\/uudenmaantyoterveys.fi\/sv\/wp-json\/wp\/v2\/users\/1"}],"replies":[{"embeddable":true,"href":"https:\/\/uudenmaantyoterveys.fi\/sv\/wp-json\/wp\/v2\/comments?post=1694"}],"version-history":[{"count":26,"href":"https:\/\/uudenmaantyoterveys.fi\/sv\/wp-json\/wp\/v2\/pages\/1694\/revisions"}],"predecessor-version":[{"id":2536,"href":"https:\/\/uudenmaantyoterveys.fi\/sv\/wp-json\/wp\/v2\/pages\/1694\/revisions\/2536"}],"wp:attachment":[{"href":"https:\/\/uudenmaantyoterveys.fi\/sv\/wp-json\/wp\/v2\/media?parent=1694"}],"curies":[{"name":"wp","href":"https:\/\/api.w.org\/{rel}","templated":true}]}}