{"id":1448,"date":"2022-10-28T11:16:13","date_gmt":"2022-10-28T09:16:13","guid":{"rendered":"https:\/\/uudenmaantyoterveys.fi\/?page_id=1448"},"modified":"2024-10-17T09:33:00","modified_gmt":"2024-10-17T07:33:00","slug":"yritys","status":"publish","type":"page","link":"https:\/\/uudenmaantyoterveys.fi\/sv\/yritys\/","title":{"rendered":"Yritys"},"content":{"rendered":"<div  data-label=\"About\" data-id=\"about--1\" data-export-id=\"about-10\" data-category=\"about\" class=\"about-10 content-section content-section-spacing\" id=\"about-1\" style=\"background-color: rgb(245, 250, 253);\"><div  class=\"gridContainer\"> <div  class=\"row middle-sm text-center\"><div  class=\"col-sm-5 space-bottom-xs content-column\" data-type=\"column\">  <h2  class=\"\">Yritys<\/h2> <p  class=\"\" style=\"text-align: left;\">Uudenmaan Ty\u00f6terveys tuottaa maakunnan alueen yrityksille asiakasl\u00e4ht\u00f6isi\u00e4, helposti tavoitettavia ja joustavia ty\u00f6terveyshuollon palveluja ja t\u00e4ten osaltaan vaikuttaa positiivisesti kuntien elinvoimaan. Toimiva ty\u00f6terveysyhteisty\u00f6 edist\u00e4\u00e4 ty\u00f6ymp\u00e4rist\u00f6n turvallisuutta, ty\u00f6yhteis\u00f6iden toimivuutta ja ty\u00f6ntekij\u00f6iden ty\u00f6kyky\u00e4. Alueellisten ty\u00f6terveyspalvelujen ja ty\u00f6per\u00e4isten sairaanhoitopalvelujen tarjonnalla on my\u00f6s vaikutusta yritysten sijoittumisp\u00e4\u00e4t\u00f6ksiss\u00e4.\n<br ><br >Kuntien ja hyvinvointialueiden ty\u00f6terveyshuoltona toimii Keski-Uudenmaan Ty\u00f6terveys Oy, l\u00f6yd\u00e4t heid\u00e4t osoitteesta <a data-mce-href=\"https:\/\/keski-uudenmaantyoterveys.fi\" href=\"https:\/\/keski-uudenmaantyoterveys.fi\" target=\"_self\" data-mce-selected=\"inline-boundary\" data-cp-link=\"1\" rel=\"noopener\" class=\"\">https:\/\/keski-uudenmaantyoterveys.fi<\/a>\n<br ><br ><br ><span  id=\"_mce_caret\" data-mce-bogus=\"1\" data-mce-type=\"format-caret\"><span  style=\"font-weight: 700;\"><span  style=\"font-weight: 400;\"><a data-mce-href=\"..\/wp-content\/uploads\/2023\/11\/Uudenmaan-Tyoterveys-Oy-LASKUTUSOSOITE.pdf\" href=\"..\/wp-content\/uploads\/2023\/11\/Uudenmaan-Tyoterveys-Oy-LASKUTUSOSOITE.pdf\" target=\"_self\" data-mce-selected=\"inline-boundary\" data-cp-link=\"1\" rel=\"noopener\" class=\"\">LASKUTUSOSOITE<\/a>,<\/span> <span  style=\"font-weight: 400;\">vastaanotamme laskuja vain s\u00e4hk\u00f6isess\u00e4 muodossa<\/span>.<\/span><\/span><\/p> <\/div> <div  class=\"col-sm-7 flexbox middle-xs center-xs space-bottom-xs\"><div  class=\"overlay-box middle-xs center-xs flexbox\"> <div  class=\"overlay-box-offset offset-border shadow-medium border-color1 hide-xs\"><\/div> <img  decoding=\"async\" class=\"shadow-large\" data-size=\"485x705\" src=\"https:\/\/uudenmaantyoterveys.fi\/wp-content\/uploads\/2024\/10\/cropped-ryhmakuva1_2-scaled-1.jpg\" title=\"ryhm\u00e4kuva1_2\" alt=\"\"><\/div> <\/div><\/div> <\/div><\/div>","protected":false},"excerpt":{"rendered":"<p>Yritys Uudenmaan Ty\u00f6terveys tuottaa maakunnan alueen yrityksille asiakasl\u00e4ht\u00f6isi\u00e4, helposti tavoitettavia ja joustavia ty\u00f6terveyshuollon palveluja ja t\u00e4ten osaltaan vaikuttaa positiivisesti kuntien elinvoimaan. Toimiva ty\u00f6terveysyhteisty\u00f6 edist\u00e4\u00e4 ty\u00f6ymp\u00e4rist\u00f6n turvallisuutta, ty\u00f6yhteis\u00f6iden toimivuutta ja ty\u00f6ntekij\u00f6iden ty\u00f6kyky\u00e4. Alueellisten ty\u00f6terveyspalvelujen ja ty\u00f6per\u00e4isten sairaanhoitopalvelujen tarjonnalla on my\u00f6s vaikutusta yritysten sijoittumisp\u00e4\u00e4t\u00f6ksiss\u00e4. Kuntien ja hyvinvointialueiden ty\u00f6terveyshuoltona toimii Keski-Uudenmaan Ty\u00f6terveys Oy, l\u00f6yd\u00e4t heid\u00e4t osoitteesta https:\/\/keski-uudenmaantyoterveys.fi \ufeffLASKUTUSOSOITE,&hellip; <br \/> <a class=\"read-more\" href=\"https:\/\/uudenmaantyoterveys.fi\/sv\/yritys\/\">Read more<\/a><\/p>","protected":false},"author":1,"featured_media":0,"parent":0,"menu_order":0,"comment_status":"closed","ping_status":"closed","template":"pro\/page-templates\/full-width-page.php","meta":{"slim_seo":{"title":"Yritys - Uudenmaan Ty&ouml;terveys Oy","description":"Yritys Uudenmaan Ty\u00f6terveys tuottaa maakunnan alueen yrityksille asiakasl\u00e4ht\u00f6isi\u00e4, helposti tavoitettavia ja joustavia ty\u00f6terveyshuollon palveluja ja t\u00e4ten osal"},"footnotes":""},"class_list":["post-1448","page","type-page","status-publish","hentry"],"_links":{"self":[{"href":"https:\/\/uudenmaantyoterveys.fi\/sv\/wp-json\/wp\/v2\/pages\/1448","targetHints":{"allow":["GET"]}}],"collection":[{"href":"https:\/\/uudenmaantyoterveys.fi\/sv\/wp-json\/wp\/v2\/pages"}],"about":[{"href":"https:\/\/uudenmaantyoterveys.fi\/sv\/wp-json\/wp\/v2\/types\/page"}],"author":[{"embeddable":true,"href":"https:\/\/uudenmaantyoterveys.fi\/sv\/wp-json\/wp\/v2\/users\/1"}],"replies":[{"embeddable":true,"href":"https:\/\/uudenmaantyoterveys.fi\/sv\/wp-json\/wp\/v2\/comments?post=1448"}],"version-history":[{"count":9,"href":"https:\/\/uudenmaantyoterveys.fi\/sv\/wp-json\/wp\/v2\/pages\/1448\/revisions"}],"predecessor-version":[{"id":2186,"href":"https:\/\/uudenmaantyoterveys.fi\/sv\/wp-json\/wp\/v2\/pages\/1448\/revisions\/2186"}],"wp:attachment":[{"href":"https:\/\/uudenmaantyoterveys.fi\/sv\/wp-json\/wp\/v2\/media?parent=1448"}],"curies":[{"name":"wp","href":"https:\/\/api.w.org\/{rel}","templated":true}]}}