{"id":1434,"date":"2022-10-28T10:04:31","date_gmt":"2022-10-28T08:04:31","guid":{"rendered":"https:\/\/uudenmaantyoterveys.fi\/?page_id=1434"},"modified":"2026-01-05T09:07:32","modified_gmt":"2026-01-05T07:07:32","slug":"tyoterveyskyselyt","status":"publish","type":"page","link":"https:\/\/uudenmaantyoterveys.fi\/sv\/tyoterveyskyselyt\/","title":{"rendered":"Ty\u00f6terveyskyselyt"},"content":{"rendered":"<div  data-label=\"Content\" data-id=\"content--1\" data-export-id=\"content-12\" data-category=\"content\" class=\"content-12 content-section content-section-spacing\" id=\"content-1\" style=\"background-color: rgb(245, 250, 253);\"><div  class=\"gridContainer\"> <div  class=\"row text-center\"><div  class=\"section-title-col\" data-type=\"column\"> <h2  class=\"\"><span  style=\"font-weight: 700;\">S\u00e4hk\u00f6iset ty\u00f6terveyskyselyt<\/span><\/h2> <p  class=\"lead\">Kun olet varannut tai varaamassa aikaa terveystarkastukseen, t\u00e4yt\u00e4 alla oleva ty\u00f6terveyskysely viimeist\u00e4\u00e4n tarkastusta edelt\u00e4v\u00e4n\u00e4 p\u00e4iv\u00e4n\u00e4. Kyselyyn vastaamiseen on hyv\u00e4 varata aikaa noin 20 min.<br >\nKysely k\u00e4yd\u00e4\u00e4n l\u00e4pi ty\u00f6terveystarkastuksessa ja se taltioidaan Uudenmaan ty\u00f6terveyden potilastietoj\u00e4rjestelm\u00e4\u00e4n Sinun tietoihisi. Kysely on luottamuksellinen.<br >\nValitse kysely ty\u00f6si mukaan. Jos ty\u00f6h\u00f6si sis\u00e4ltyy y\u00f6ty\u00f6t\u00e4, t\u00e4yt\u00e4 lis\u00e4ksi y\u00f6ty\u00f6kysely.\n<br ><br >Kyselyihin p\u00e4\u00e4set alla olevista linkeist\u00e4:<br >\n<span  style=\"font-weight: 600;\"><a  data-mce-href=\"https:\/\/utt.msurvey.fi\/#survey?id=496917\" href=\"https:\/\/utt.msurvey.fi?id=496917#survey?id=496917\" target=\"_self\" data-mce-selected=\"inline-boundary\" data-cp-link=\"1\" class=\"\">Kuljetusalan ty\u00f6terveyskysely<\/a><\/span><br ><a  data-mce-href=\"https:\/\/utt.msurvey.fi\/#survey?id=395997\" href=\"https:\/\/utt.msurvey.fi?id=395997#survey?id=395997\" target=\"_self\" data-mce-selected=\"inline-boundary\" data-cp-link=\"1\" class=\"\">\n<span  style=\"font-weight: 600;\">Muiden alojen ty\u00f6terveyskysely<\/span><\/a>\n<br ><a  href=\"https:\/\/utt.msurvey.fi?id=836276#survey?id=836276\" target=\"_self\" data-mce-href=\"https:\/\/utt.msurvey.fi\/#survey?id=836276\" data-mce-selected=\"inline-boundary\" data-cp-link=\"1\" class=\"\"><span  style=\"font-weight: 600;\">Toimihenkil\u00f6iden ty\u00f6terveyskysely<\/span><\/a><br ><span  style=\"font-weight: 600;\">\n<a  data-mce-href=\"https:\/\/utt.msurvey.fi\/#survey?id=546762\" href=\"https:\/\/utt.msurvey.fi?id=546762#survey?id=546762\" target=\"_self\" data-mce-selected=\"inline-boundary\" data-cp-link=\"1\" class=\"\">Vuoroty\u00f6 \/ y\u00f6ty\u00f6kysely<\/a><\/span><br ><span  style=\"font-weight: 600;\"><a  href=\"https:\/\/utt.msurvey.fi?id=997349#survey?id=997349\" target=\"_self\" data-mce-href=\"https:\/\/utt.msurvey.fi\/#survey?id=997349\" data-mce-selected=\"inline-boundary\" data-cp-link=\"1\" class=\"\">Hoito- ja avustajanty\u00f6n terveystarkastuskysely\n\n\n<\/a><\/span><br >\nKiitos vastaamisesta!<br ><a  data-mce-href=\"..\/wp-content\/uploads\/2021\/06\/Selvitys-terveydentilasta-03.18-UTT.docx\" href=\"..\/wp-content\/uploads\/2021\/06\/Selvitys-terveydentilasta-03.18-UTT.docx\" target=\"_self\" data-mce-selected=\"inline-boundary\" data-cp-link=\"1\" rel=\"noopener\" class=\"\"><\/a><\/p><\/div> <\/div> <div  class=\"row center-xs middle-xs\"> <div  class=\"col-sm-9\" data-type=\"column\"> <\/div> <\/div><\/div> <\/div>","protected":false},"excerpt":{"rendered":"<p>S\u00e4hk\u00f6iset ty\u00f6terveyskyselyt Kun olet varannut tai varaamassa aikaa terveystarkastukseen, t\u00e4yt\u00e4 alla oleva ty\u00f6terveyskysely viimeist\u00e4\u00e4n tarkastusta edelt\u00e4v\u00e4n\u00e4 p\u00e4iv\u00e4n\u00e4. Kyselyyn vastaamiseen on hyv\u00e4 varata aikaa noin 20 min. Kysely k\u00e4yd\u00e4\u00e4n l\u00e4pi ty\u00f6terveystarkastuksessa ja se taltioidaan Uudenmaan ty\u00f6terveyden potilastietoj\u00e4rjestelm\u00e4\u00e4n Sinun tietoihisi. Kysely on luottamuksellinen. Valitse kysely ty\u00f6si mukaan. Jos ty\u00f6h\u00f6si sis\u00e4ltyy y\u00f6ty\u00f6t\u00e4, t\u00e4yt\u00e4 lis\u00e4ksi y\u00f6ty\u00f6kysely. Kyselyihin p\u00e4\u00e4set alla&hellip; <br \/> <a class=\"read-more\" href=\"https:\/\/uudenmaantyoterveys.fi\/sv\/tyoterveyskyselyt\/\">Read more<\/a><\/p>","protected":false},"author":1,"featured_media":0,"parent":0,"menu_order":0,"comment_status":"closed","ping_status":"closed","template":"pro\/page-templates\/full-width-page.php","meta":{"slim_seo":{"title":"Ty\u00f6terveyskyselyt - Uudenmaan Ty&ouml;terveys Oy","description":"S\u00e4hk\u00f6iset ty\u00f6terveyskyselyt Kun olet varannut tai varaamassa aikaa terveystarkastukseen, t\u00e4yt\u00e4 alla oleva ty\u00f6terveyskysely viimeist\u00e4\u00e4n tarkastusta edelt\u00e4v\u00e4n\u00e4 p\u00e4"},"footnotes":""},"class_list":["post-1434","page","type-page","status-publish","hentry"],"_links":{"self":[{"href":"https:\/\/uudenmaantyoterveys.fi\/sv\/wp-json\/wp\/v2\/pages\/1434","targetHints":{"allow":["GET"]}}],"collection":[{"href":"https:\/\/uudenmaantyoterveys.fi\/sv\/wp-json\/wp\/v2\/pages"}],"about":[{"href":"https:\/\/uudenmaantyoterveys.fi\/sv\/wp-json\/wp\/v2\/types\/page"}],"author":[{"embeddable":true,"href":"https:\/\/uudenmaantyoterveys.fi\/sv\/wp-json\/wp\/v2\/users\/1"}],"replies":[{"embeddable":true,"href":"https:\/\/uudenmaantyoterveys.fi\/sv\/wp-json\/wp\/v2\/comments?post=1434"}],"version-history":[{"count":15,"href":"https:\/\/uudenmaantyoterveys.fi\/sv\/wp-json\/wp\/v2\/pages\/1434\/revisions"}],"predecessor-version":[{"id":2526,"href":"https:\/\/uudenmaantyoterveys.fi\/sv\/wp-json\/wp\/v2\/pages\/1434\/revisions\/2526"}],"wp:attachment":[{"href":"https:\/\/uudenmaantyoterveys.fi\/sv\/wp-json\/wp\/v2\/media?parent=1434"}],"curies":[{"name":"wp","href":"https:\/\/api.w.org\/{rel}","templated":true}]}}