{"id":1240,"date":"2022-04-28T14:06:09","date_gmt":"2022-04-28T12:06:09","guid":{"rendered":"https:\/\/uudenmaantyoterveys.fi\/?page_id=1240"},"modified":"2024-09-25T10:38:04","modified_gmt":"2024-09-25T08:38:04","slug":"helsinki","status":"publish","type":"page","link":"https:\/\/uudenmaantyoterveys.fi\/sv\/helsinki\/","title":{"rendered":"Helsinki"},"content":{"rendered":"<div  data-label=\"Content\" data-id=\"content--1\" data-export-id=\"content-12\" data-category=\"content\" class=\"content-12 content-section content-section-spacing\" id=\"content-1\" style=\"background-color: rgb(255, 255, 255);\"><div  class=\"gridContainer\"> <div  class=\"row text-center\"><div  class=\"section-title-col\" data-type=\"column\"> <h2  class=\"\">HELSINKI: Tenholantie 10 B, 00280 Helsinki<\/h2> <p  class=\"lead\"><a data-mce-href=\"https:\/\/goo.gl\/maps\/pfzhDtReeN7bwoUg9\" href=\"https:\/\/goo.gl\/maps\/pfzhDtReeN7bwoUg9\" target=\"_self\" data-mce-selected=\"inline-boundary\" data-cp-link=\"1\" rel=\"noopener\" class=\"\">N\u00e4yt\u00e4 sijainti kartalla<\/a><\/p><\/div> <\/div> <div  class=\"row center-xs middle-xs\"> <div  class=\"col-sm-9\" data-type=\"column\"> <img decoding=\"async\"  class=\"shadow-large\" src=\"https:\/\/uudenmaantyoterveys.fi\/wp-content\/uploads\/2022\/04\/Orton-fasadi-kopio-scaled.jpg\" title=\"Orton fasadi kopio\" alt=\"\"><p  class=\"lead\" style=\"text-align: left;\">Kulku toimipaikkaan:\n\n<br ><br >Toimipisteemme l\u00f6ytyy B-sis\u00e4\u00e4nk\u00e4ynnist\u00e4, 2. kerros<br >\n<br >Julkisen liikenteen yhteydet<br >\n    Bussi Rautatieasemalta \/ Elielinaukio:<br >\n        linjat 332, 321, 200 ja 345 Ruskeasuon pys\u00e4kille, mist\u00e4 n.  500 m k\u00e4vely\u00admatka Ortoniin<br >\n        linjat 40 ja 200  Tilkan pys\u00e4kille -&gt;  vaihto tien toiselle puolelle -&gt; linja 506  Ortonille Tenho\u00adlan\u00adtielle.<br >\n    Bussi Pasilasta (Myllypuro):<br >\n    Linja 506 -&gt; Ortonille Tenho\u00adlan\u00adtielle.<br >\n    Raitiovaunu nro 10 Helsingin keskus\u00adtasta Ruskeasuon pys\u00e4kille Manner\u00adhei\u00admin\u00adtiell\u00e4, josta n. 500 metrin k\u00e4vely\u00admatka meille.<br >\nKatso muut julkiset kulku\u00adyh\u00adteydet <a data-mce-href=\"http:\/\/www.hsl.fi\/\" href=\"http:\/\/www.hsl.fi\" target=\"_self\" data-mce-selected=\"inline-boundary\" data-cp-link=\"1\" rel=\"noopener\" class=\"\">HSL:n Reittioppaasta.<\/a><br >\n\n<br >Pys\u00e4k\u00f6inti Tenholantiell\u00e4<br >\nTalon edess\u00e4 ja ymp\u00e4rill\u00e4 on maksul\u00adlisia parkki\u00adpaikkoja. Pys\u00e4k\u00f6inti makse\u00adtaan\u00adTas\u00adku\u00adparkki \u2013sovel\u00adluk\u00adsella, jossa on maksu\u00adkortti sy\u00f6tettyn\u00e4 tai ilman Tasku\u00adparkki \u2013sovel\u00adlusta k\u00e4ym\u00e4ll\u00e4 maksuau\u00adto\u00admaa\u00adtilla. Talon v\u00e4lit\u00adt\u00f6\u00adm\u00e4ss\u00e4 l\u00e4hei\u00adsyy\u00addess\u00e4 (Kiskontie) on my\u00f6s 4 tunnin maksut\u00adtomia paikkoja.<br ><br >\nHenkil\u00f6st\u00f6:<br >Ty\u00f6terveyshoitajien s\u00e4hk\u00f6postiosoitteet ovat muotoa etunimi.sukunimi@umtt.fi<br >\nL\u00e4het\u00e4 viesti omalle ty\u00f6terveyshoitajalle Polku-palvelun kautta klikkaamalla h\u00e4nen nime\u00e4\u00e4n.\n<br ><br >Ty\u00f6terveysl\u00e4\u00e4k\u00e4ri Sami Suomalainen\n<br >Ty\u00f6terveysl\u00e4\u00e4k\u00e4ri Anton Niukkanen\n<br >Ty\u00f6terveysl\u00e4\u00e4k\u00e4ri Jukka Terttunen<br >\n\n<a data-mce-href=\"https:\/\/umtt.movendosplatform.com\/\" href=\"https:\/\/umtt.movendosplatform.com\" target=\"_self\" data-mce-selected=\"inline-boundary\" data-cp-link=\"1\" rel=\"noopener\" class=\"\">Ty\u00f6terveyshoitaja Auli Corell<\/a><\/p><\/div> <\/div><\/div> <\/div>","protected":false},"excerpt":{"rendered":"<p>HELSINKI: Tenholantie 10 B, 00280 Helsinki N\u00e4yt\u00e4 sijainti kartalla Kulku toimipaikkaan: Toimipisteemme l\u00f6ytyy B-sis\u00e4\u00e4nk\u00e4ynnist\u00e4, 2. kerros Julkisen liikenteen yhteydet Bussi Rautatieasemalta \/ Elielinaukio: linjat 332, 321, 200 ja 345 Ruskeasuon pys\u00e4kille, mist\u00e4 n. 500 m k\u00e4vely\u00admatka Ortoniin linjat 40 ja 200 Tilkan pys\u00e4kille -&gt; vaihto tien toiselle puolelle -&gt; linja 506 Ortonille Tenho\u00adlan\u00adtielle. Bussi Pasilasta&hellip; <br \/> <a class=\"read-more\" href=\"https:\/\/uudenmaantyoterveys.fi\/sv\/helsinki\/\">Read more<\/a><\/p>","protected":false},"author":1,"featured_media":0,"parent":0,"menu_order":0,"comment_status":"closed","ping_status":"closed","template":"pro\/page-templates\/full-width-page.php","meta":{"slim_seo":{"title":"Helsinki - Uudenmaan Ty&ouml;terveys Oy","description":"HELSINKI: Tenholantie 10 B, 00280 Helsinki N\u00e4yt\u00e4 sijainti kartalla Kulku toimipaikkaan: Toimipisteemme l\u00f6ytyy B-sis\u00e4\u00e4nk\u00e4ynnist\u00e4, 2. kerros Julkisen liikenteen y"},"footnotes":""},"class_list":["post-1240","page","type-page","status-publish","hentry"],"_links":{"self":[{"href":"https:\/\/uudenmaantyoterveys.fi\/sv\/wp-json\/wp\/v2\/pages\/1240","targetHints":{"allow":["GET"]}}],"collection":[{"href":"https:\/\/uudenmaantyoterveys.fi\/sv\/wp-json\/wp\/v2\/pages"}],"about":[{"href":"https:\/\/uudenmaantyoterveys.fi\/sv\/wp-json\/wp\/v2\/types\/page"}],"author":[{"embeddable":true,"href":"https:\/\/uudenmaantyoterveys.fi\/sv\/wp-json\/wp\/v2\/users\/1"}],"replies":[{"embeddable":true,"href":"https:\/\/uudenmaantyoterveys.fi\/sv\/wp-json\/wp\/v2\/comments?post=1240"}],"version-history":[{"count":12,"href":"https:\/\/uudenmaantyoterveys.fi\/sv\/wp-json\/wp\/v2\/pages\/1240\/revisions"}],"predecessor-version":[{"id":1762,"href":"https:\/\/uudenmaantyoterveys.fi\/sv\/wp-json\/wp\/v2\/pages\/1240\/revisions\/1762"}],"wp:attachment":[{"href":"https:\/\/uudenmaantyoterveys.fi\/sv\/wp-json\/wp\/v2\/media?parent=1240"}],"curies":[{"name":"wp","href":"https:\/\/api.w.org\/{rel}","templated":true}]}}