{"id":10,"date":"2020-12-03T14:28:34","date_gmt":"2020-12-03T12:28:34","guid":{"rendered":"http:\/\/uusi.umtt.fi\/?page_id=10"},"modified":"2024-09-25T10:38:21","modified_gmt":"2024-09-25T08:38:21","slug":"ota-yhteytta","status":"publish","type":"page","link":"https:\/\/uudenmaantyoterveys.fi\/sv\/ota-yhteytta\/","title":{"rendered":"Ta kontakt"},"content":{"rendered":"<p>T\u00e4ll\u00e4 sivulla on joitakin perusyhteystietoja, kuten osoite ja puhelinnumero. Saatat my\u00f6s haluta kokeilla lis\u00e4osaa, jolla voit lis\u00e4t\u00e4 yhteydenottolomakkeen.<\/p>","protected":false},"excerpt":{"rendered":"<p>T\u00e4ll\u00e4 sivulla on joitakin perusyhteystietoja, kuten osoite ja puhelinnumero. Saatat my\u00f6s haluta kokeilla lis\u00e4osaa, jolla voit lis\u00e4t\u00e4 yhteydenottolomakkeen.<\/p>","protected":false},"author":1,"featured_media":5,"parent":0,"menu_order":0,"comment_status":"closed","ping_status":"closed","template":"","meta":{"slim_seo":{"title":"Ota yhteytt\u00e4 - Uudenmaan Ty&ouml;terveys Oy","description":"T\u00e4ll\u00e4 sivulla on joitakin perusyhteystietoja, kuten osoite ja puhelinnumero. Saatat my\u00f6s haluta kokeilla lis\u00e4osaa, jolla voit lis\u00e4t\u00e4 yhteydenottolomakkeen."},"footnotes":""},"class_list":["post-10","page","type-page","status-publish","has-post-thumbnail","hentry"],"_links":{"self":[{"href":"https:\/\/uudenmaantyoterveys.fi\/sv\/wp-json\/wp\/v2\/pages\/10","targetHints":{"allow":["GET"]}}],"collection":[{"href":"https:\/\/uudenmaantyoterveys.fi\/sv\/wp-json\/wp\/v2\/pages"}],"about":[{"href":"https:\/\/uudenmaantyoterveys.fi\/sv\/wp-json\/wp\/v2\/types\/page"}],"author":[{"embeddable":true,"href":"https:\/\/uudenmaantyoterveys.fi\/sv\/wp-json\/wp\/v2\/users\/1"}],"replies":[{"embeddable":true,"href":"https:\/\/uudenmaantyoterveys.fi\/sv\/wp-json\/wp\/v2\/comments?post=10"}],"version-history":[{"count":1,"href":"https:\/\/uudenmaantyoterveys.fi\/sv\/wp-json\/wp\/v2\/pages\/10\/revisions"}],"predecessor-version":[{"id":16,"href":"https:\/\/uudenmaantyoterveys.fi\/sv\/wp-json\/wp\/v2\/pages\/10\/revisions\/16"}],"wp:featuredmedia":[{"embeddable":true,"href":"https:\/\/uudenmaantyoterveys.fi\/sv\/wp-json\/wp\/v2\/media\/5"}],"wp:attachment":[{"href":"https:\/\/uudenmaantyoterveys.fi\/sv\/wp-json\/wp\/v2\/media?parent=10"}],"curies":[{"name":"wp","href":"https:\/\/api.w.org\/{rel}","templated":true}]}}